{"id":41,"date":"2024-12-06T00:37:51","date_gmt":"2024-12-06T00:37:51","guid":{"rendered":"https:\/\/saferack.de\/?page_id=41"},"modified":"2025-01-17T16:58:44","modified_gmt":"2025-01-17T16:58:44","slug":"uber-saferack","status":"publish","type":"page","link":"https:\/\/saferack.de\/sv\/uber-saferack\/","title":{"rendered":"Om Saferack"},"content":{"rendered":"<div class=\"wp-block-group has-global-padding is-layout-constrained wp-block-group-is-layout-constrained\" style=\"margin-top:var(--wp--preset--spacing--small)\">\n<h2 class=\"wp-block-heading has-text-align-center\">Fram\u00e5tt\u00e4nkande fr\u00e5n grunden<\/h2>\n<\/div>\n\n\n\n<p class=\"has-text-align-center\">SafeRack grundades av tv\u00e5 s\u00e4ljare som startade eget 2002 f\u00f6r att de trodde att de kunde g\u00f6ra det b\u00e4ttre. F\u00f6retaget byggdes bokstavligen upp fr\u00e5n grunden och har under moderbolaget utvecklats till en h\u00e5llbar, integrerad organisation med innovativa, marknadsdrivna varum\u00e4rkesl\u00f6sningar, <a href=\"https:\/\/www.sixaxisllc.com\/\">Sex axlar<\/a>och allt detta med h\u00e4nsyn tagen till s\u00e4kerhet och efterlevnad av regelverk.<\/p>\n\n\n\n<div class=\"wp-block-cover is-light has-custom-content-position is-position-center-right\" style=\"margin-top:var(--wp--preset--spacing--small);margin-bottom:var(--wp--preset--spacing--small)\"><span aria-hidden=\"true\" class=\"wp-block-cover__background has-background-dim-0 has-background-dim\" style=\"background-color:#948270\"><\/span><img decoding=\"async\" class=\"wp-block-cover__image-background wp-image-427407\" alt=\"\" src=\"https:\/\/stg-saferack-staging.kinsta.cloud\/wp-content\/uploads\/2024\/09\/SafeRack-Sharp-event-large-scaled.avif\" data-object-fit=\"cover\"\/><div class=\"wp-block-cover__inner-container has-global-padding is-layout-constrained wp-block-cover-is-layout-constrained\">\n<div class=\"wp-block-group has-border-color has-base-border-color has-background has-global-padding is-layout-constrained wp-container-core-group-is-layout-d5be7193 wp-block-group-is-layout-constrained\" style=\"border-width:2px;background-color:#000000ba;padding-top:var(--wp--preset--spacing--x-small);padding-right:var(--wp--preset--spacing--x-small);padding-bottom:var(--wp--preset--spacing--x-small);padding-left:var(--wp--preset--spacing--x-small)\">\n<div class=\"wp-block-group has-global-padding is-layout-constrained wp-block-group-is-layout-constrained\" style=\"margin-top:0;margin-bottom:0\">\n<figure class=\"wp-block-image aligncenter size-large is-resized wp-duotone-ffffff-ffffff-1\"><img decoding=\"async\" src=\"https:\/\/www.rollastep.com\/wp-content\/uploads\/2024\/07\/made-in-USA-medium-icon.svg\" alt=\"\" class=\"wp-image-144\" style=\"width:51px\"\/><\/figure>\n<\/div>\n\n\n\n<h6 class=\"wp-block-heading has-text-align-center has-base-color has-text-color has-link-color wp-elements-05b38a6a0e9f5ccb5c200993f5354ecf\" id=\"h-made-in-the-usa\" style=\"margin-top:0;margin-bottom:0\">Tillverkad i USA<\/h6>\n\n\n\n<p class=\"has-text-align-center has-base-color has-text-color has-link-color wp-elements-830e2a7d246e281782d5f932d7b020d6\" style=\"margin-top:0;margin-bottom:0;font-size:14px;line-height:1.3\">Vi tillverkar s\u00e4kerhetsprodukter av h\u00f6gsta kvalitet i USA f\u00f6r de mest kr\u00e4vande industriella till\u00e4mpningarna<\/p>\n<\/div>\n<\/div><\/div>\n\n\n\n<div class=\"wp-block-group alignfull has-base-color has-text-color has-background has-link-color wp-elements-66998d7cd73c5c6f276f0aa8e8f7c7f1 has-global-padding is-layout-constrained wp-block-group-is-layout-constrained\" style=\"background-color:#2f2f2f;margin-top:0;padding-top:var(--wp--preset--spacing--small);padding-bottom:var(--wp--preset--spacing--small);background-image:url(&apos;https:\/\/stg-saferack-staging.kinsta.cloud\/wp-content\/uploads\/2024\/09\/about-patents-bg.avif&apos;);background-position:50% 0;background-size:cover;\">\n<h2 class=\"wp-block-heading has-text-align-center\">PLATSER<\/h2>\n\n\n\n<div class=\"wp-block-columns is-layout-flex wp-container-core-columns-is-layout-e0e4babd wp-block-columns-is-layout-flex\" style=\"padding-right:0;padding-left:0\">\n<div class=\"wp-block-column is-vertically-aligned-top is-layout-flow wp-block-column-is-layout-flow\" style=\"padding-right:var(--wp--preset--spacing--10);padding-left:var(--wp--preset--spacing--10)\">\n<div class=\"wp-block-cover has-custom-content-position is-position-bottom-center\" style=\"padding-top:var(--wp--preset--spacing--x-small);padding-bottom:var(--wp--preset--spacing--x-small);min-height:237px;aspect-ratio:unset;\"><span aria-hidden=\"true\" class=\"wp-block-cover__background has-contrast-background-color has-background-dim\"><\/span><img decoding=\"async\" class=\"wp-block-cover__image-background wp-image-427373\" alt=\"\" src=\"https:\/\/stg-saferack-staging.kinsta.cloud\/wp-content\/uploads\/2024\/09\/saferack-andrews-plant.avif\" data-object-fit=\"cover\"\/><div class=\"wp-block-cover__inner-container has-global-padding is-layout-constrained wp-block-cover-is-layout-constrained\">\n<p class=\"has-text-align-center has-base-2-color has-text-color has-link-color has-medium-font-size wp-elements-f0c35cbdea35433c773d506696779d90\">KONTOR<\/p>\n\n\n\n<p class=\"has-text-align-center location--card-content\" style=\"margin-top:0;margin-bottom:var(--wp--preset--spacing--10);font-size:12px\"><strong><strong>219 Safety Avenue, Andrews, SC 29510 | +1 843 264-8096<\/strong><\/strong><\/p>\n<\/div><\/div>\n<\/div>\n\n\n\n<div class=\"wp-block-column is-layout-flow wp-block-column-is-layout-flow\">\n<div class=\"wp-block-cover has-custom-content-position is-position-bottom-center\" style=\"padding-top:var(--wp--preset--spacing--x-small);padding-bottom:var(--wp--preset--spacing--x-small);min-height:237px;aspect-ratio:unset;\"><span aria-hidden=\"true\" class=\"wp-block-cover__background has-contrast-background-color has-background-dim\"><\/span><img decoding=\"async\" class=\"wp-block-cover__image-background wp-image-427374\" alt=\"\" src=\"https:\/\/stg-saferack-staging.kinsta.cloud\/wp-content\/uploads\/2024\/09\/sumter-facility.avif\" data-object-fit=\"cover\"\/><div class=\"wp-block-cover__inner-container has-global-padding is-layout-constrained wp-block-cover-is-layout-constrained\">\n<p class=\"has-text-align-center has-base-2-color has-text-color has-link-color has-medium-font-size wp-elements-1cfda0efba49dc4a24e8b1d65a9e9157\">KUNDSERVICE<\/p>\n\n\n\n<p class=\"has-text-align-center location--card-content\" style=\"margin-top:0;margin-bottom:var(--wp--preset--spacing--10);font-size:12px\"><strong><strong>730 Electric Drive, Sumter, South Carolina 29153 | +1 803 774-7225<\/strong><\/strong><\/p>\n<\/div><\/div>\n<\/div>\n\n\n\n<div class=\"wp-block-column is-layout-flow wp-block-column-is-layout-flow\" style=\"padding-right:var(--wp--preset--spacing--50);padding-left:var(--wp--preset--spacing--50)\">\n<div class=\"wp-block-cover has-custom-content-position is-position-bottom-center\" style=\"padding-top:var(--wp--preset--spacing--x-small);padding-bottom:var(--wp--preset--spacing--x-small);min-height:237px;aspect-ratio:unset;\"><span aria-hidden=\"true\" class=\"wp-block-cover__background has-contrast-background-color has-background-dim\"><\/span><img decoding=\"async\" class=\"wp-block-cover__image-background wp-image-427371\" alt=\"\" src=\"https:\/\/stg-saferack-staging.kinsta.cloud\/wp-content\/uploads\/2024\/09\/sixaxis-uk-office.avif\" data-object-fit=\"cover\"\/><div class=\"wp-block-cover__inner-container has-global-padding is-layout-constrained wp-block-cover-is-layout-constrained\">\n<p class=\"has-text-align-center has-base-2-color has-text-color has-link-color has-medium-font-size wp-elements-a75afc34beee78986e17ffd6def25f2a\">INTERNATIONELL F\u00d6RS\u00c4LJNING<\/p>\n\n\n\n<p class=\"has-text-align-center location--card-content\" style=\"margin-top:0;margin-bottom:var(--wp--preset--spacing--10);font-size:12px\"><strong><strong>Kent Innovation Centre, Thanet Reach Bus. Park, Millennium Way, Broadstairs CT10 2QQ | +44 1843 609671<\/strong><\/strong><\/p>\n<\/div><\/div>\n<\/div>\n<\/div>\n<\/div>\n\n\n\n<div class=\"wp-block-media-text is-stacked-on-mobile\" style=\"margin-top:var(--wp--preset--spacing--medium);margin-bottom:var(--wp--preset--spacing--medium)\"><figure class=\"wp-block-media-text__media\"><img decoding=\"async\" src=\"https:\/\/stg-saferack-staging.kinsta.cloud\/wp-content\/uploads\/2024\/09\/about-collage.avif\" alt=\"\" class=\"wp-image-427408 size-full\"\/><\/figure><div class=\"wp-block-media-text__content\">\n<div class=\"wp-block-group has-global-padding is-content-justification-left is-layout-constrained wp-container-core-group-is-layout-e9d5792b wp-block-group-is-layout-constrained\">\n<figure class=\"wp-block-image aligncenter size-full is-resized\"><img loading=\"lazy\" decoding=\"async\" width=\"400\" height=\"418\" src=\"https:\/\/saferack.de\/wp-content\/uploads\/sites\/17\/2024\/12\/why-choose-saferack-seal.avif\" alt=\"\" class=\"wp-image-864\" style=\"width:134px;height:auto\" srcset=\"https:\/\/saferack.de\/wp-content\/uploads\/sites\/17\/2024\/12\/why-choose-saferack-seal.avif 400w, https:\/\/saferack.de\/wp-content\/uploads\/sites\/17\/2024\/12\/why-choose-saferack-seal-287x300.avif 287w, https:\/\/saferack.de\/wp-content\/uploads\/sites\/17\/2024\/12\/why-choose-saferack-seal-11x12.avif 11w\" sizes=\"auto, (max-width: 400px) 100vw, 400px\" \/><\/figure>\n\n\n\n<h3 class=\"wp-block-heading has-text-align-center\" id=\"h-the-most-important-person-at-saferack-is-you\"><strong><strong>Den viktigaste personen p\u00e5 SafeRack \u00e4r du<\/strong><\/strong><\/h3>\n\n\n\n<p class=\"has-text-align-center has-x-small-font-size\">Vi vet att ditt f\u00f6retag \u00e4r viktigt och vi ser till att det \u00e5terspeglas i allt vi g\u00f6r. Fr\u00e5n produktdesign till kundsupport \u00e4r det dina behov som styr v\u00e5ra beslut. Det \u00e4r d\u00e4rf\u00f6r vi betonar s\u00e4kerhet, snabba svarstider, expertteknik och tillf\u00f6rlitliga leveranser. V\u00e5rt m\u00e5l \u00e4r att \u00f6vertr\u00e4ffa dina f\u00f6rv\u00e4ntningar, inte bara uppfylla dem.<\/p>\n\n\n\n<p class=\"has-text-align-center has-x-small-font-size\">Vi arbetar l\u00e5ngsiktigt och \u00e4r redo att st\u00f6tta ditt f\u00f6retag hela v\u00e4gen.<\/p>\n<\/div>\n<\/div><\/div>\n\n\n\n<div class=\"wp-block-group alignfull has-background has-global-padding is-layout-constrained wp-block-group-is-layout-constrained\" style=\"background-color:#181818;margin-top:0\">\n<div class=\"wp-block-columns has-base-color has-text-color has-link-color wp-elements-a5a993ef88686cad91b9ca0a773cca97 is-layout-flex wp-container-core-columns-is-layout-28f84493 wp-block-columns-is-layout-flex\">\n<div class=\"wp-block-column is-vertically-aligned-center is-layout-flow wp-block-column-is-layout-flow\" style=\"padding-top:var(--wp--preset--spacing--small);padding-bottom:var(--wp--preset--spacing--small)\">\n<h3 class=\"wp-block-heading has-text-align-center\" id=\"h-over-20-patented-features-amp-products\">\u00d6ver 20 patenterade funktioner och produkter<\/h3>\n\n\n\n<p class=\"has-text-align-center has-x-small-font-size\">Vi letar st\u00e4ndigt efter de mest innovativa s\u00e4tten att f\u00f6rb\u00e4ttra v\u00e5ra produkter. Precis som du str\u00e4var vi efter effektivitet och teknik f\u00f6r att f\u00f6rb\u00e4ttra v\u00e5r verksamhet. V\u00e5rt design- och utvecklingsteam s\u00f6ker st\u00e4ndigt efter nya medel och metoder f\u00f6r att utveckla produkter och funktioner som uppfyller v\u00e5ra kunders specifika behov och skiljer oss fr\u00e5n v\u00e5ra konkurrenter.<\/p>\n\n\n\n<p class=\"has-text-align-center has-x-small-font-size\"><strong>Vi har utvecklat dessa funktioner f\u00f6r att illustrera v\u00e5r passion f\u00f6r att f\u00f6rb\u00e4ttra v\u00e5ra hyllsystem.<\/strong><\/p>\n\n\n\n<div class=\"wp-block-buttons is-content-justification-center is-layout-flex wp-container-core-buttons-is-layout-a89b3969 wp-block-buttons-is-layout-flex\">\n<div class=\"wp-block-button\"><a class=\"wp-block-button__link wp-element-button\" href=\"https:\/\/www.sixaxisllc.com\/patents\/\" target=\"_blank\" rel=\"noreferrer noopener\">Se patentportf\u00f6lj<\/a><\/div>\n<\/div>\n<\/div>\n\n\n\n<div class=\"wp-block-column is-vertically-aligned-center is-layout-flow wp-block-column-is-layout-flow\">\n<figure class=\"wp-block-image size-full\"><img decoding=\"async\" src=\"https:\/\/stg-saferack-staging.kinsta.cloud\/wp-content\/uploads\/2024\/09\/SafeRack-GX-Patent.avif\" alt=\"\" class=\"wp-image-427412\"\/><\/figure>\n<\/div>\n<\/div>\n<\/div>\n\n\n\n<div class=\"wp-block-media-text is-stacked-on-mobile is-vertically-aligned-center is-image-fill-element\" style=\"margin-top:var(--wp--preset--spacing--medium);margin-bottom:var(--wp--preset--spacing--medium)\"><figure class=\"wp-block-media-text__media\"><img decoding=\"async\" src=\"https:\/\/stg-saferack-staging.kinsta.cloud\/wp-content\/uploads\/2024\/09\/saferack-assembly-1024x683.avif\" alt=\"\" class=\"wp-image-427413 size-full\" style=\"object-position:50% 50%\"\/><\/figure><div class=\"wp-block-media-text__content\">\n<h3 class=\"wp-block-heading has-text-align-center\">SixAxis-kulturen<\/h3>\n\n\n\n<p class=\"has-text-align-center has-x-small-font-size\">Vi \u00e4r stolta \u00f6ver v\u00e5ra innovativa produkter och tekniker, men det som skiljer oss fr\u00e5n m\u00e4ngden \u00e4r de exceptionella m\u00e4nniskorna bakom dem. V\u00e5rt dynamiska s\u00e4ljteam betj\u00e4nar kunder \u00f6ver hela v\u00e4rlden och st\u00f6der utvecklingen av s\u00e4krare och effektivare arbetsplatser p\u00e5 vertikala marknader fr\u00e5n livsmedel och drycker till kemi, flyg och f\u00f6rsvar. V\u00e5ra innovativa system f\u00f6rkortar tiden till en l\u00f6sning med en unik, samarbetsinriktad f\u00f6rs\u00e4ljnings-, utvecklings- och tillverkningsprocess som levererar de s\u00e4kerhetsl\u00f6sningar som v\u00e5ra kunder f\u00f6rlitar sig p\u00e5 f\u00f6r att h\u00e5lla m\u00e4nniskor s\u00e4kra p\u00e5 arbetsplatsen.<\/p>\n\n\n\n<p class=\"has-text-align-center has-x-small-font-size\">V\u00e5ra patenterade produkter tillverkas i USA under varum\u00e4rkena SafeRack, ErectAStep och Upside Innovations. Trots v\u00e5r stadiga tillv\u00e4xt \u00e4r vi fast beslutna att beh\u00e5lla v\u00e5r verksamhet p\u00e5 hemmaplan. Medan andra f\u00f6retag flyttar sin verksamhet utomlands, trivs vi i den inhemska och globala ekonomin med effektiva processer, avancerad teknik och ett h\u00f6gkvalificerat team av yrkesverksamma som \u00e4r fast f\u00f6rankrade i USA.<\/p>\n<\/div><\/div>","protected":false},"excerpt":{"rendered":"<p>Vorausschauendes Denken von Grund auf SafeRack wurde von zwei Vertriebsmitarbeitern gegr\u00fcndet, die sich 2002 selbstst\u00e4ndig machten, weil sie der Meinung waren, dass sie es besser machen k\u00f6nnten. Das Unternehmen wurde im wahrsten Sinne des Wortes aus dem Nichts aufgebaut und hat sich unter der Muttergesellschaft zu einem nachhaltigen, integrierten Unternehmen mit innovativen, marktgerechten Markenl\u00f6sungen entwickelt, [&hellip;]<\/p>\n","protected":false},"author":1,"featured_media":518,"parent":0,"menu_order":0,"comment_status":"closed","ping_status":"closed","template":"","meta":{"footnotes":""},"class_list":["post-41","page","type-page","status-publish","has-post-thumbnail","hentry"],"yoast_head":"<!-- This site is optimized with the Yoast SEO plugin v27.5 - https:\/\/yoast.com\/product\/yoast-seo-wordpress\/ -->\n<title>\u00dcber Saferack - SafeRack<\/title>\n<meta name=\"robots\" content=\"index, follow, max-snippet:-1, max-image-preview:large, max-video-preview:-1\" \/>\n<link rel=\"canonical\" href=\"https:\/\/saferack.de\/sv\/uber-saferack\/\" \/>\n<meta property=\"og:locale\" content=\"sv_SE\" \/>\n<meta property=\"og:type\" content=\"article\" \/>\n<meta property=\"og:title\" content=\"\u00dcber Saferack - SafeRack\" \/>\n<meta property=\"og:description\" content=\"Vorausschauendes Denken von Grund auf SafeRack wurde von zwei Vertriebsmitarbeitern gegr\u00fcndet, die sich 2002 selbstst\u00e4ndig machten, weil sie der Meinung waren, dass sie es besser machen k\u00f6nnten. Das Unternehmen wurde im wahrsten Sinne des Wortes aus dem Nichts aufgebaut und hat sich unter der Muttergesellschaft zu einem nachhaltigen, integrierten Unternehmen mit innovativen, marktgerechten Markenl\u00f6sungen entwickelt, [&hellip;]\" \/>\n<meta property=\"og:url\" content=\"https:\/\/saferack.de\/sv\/uber-saferack\/\" \/>\n<meta property=\"og:site_name\" content=\"SafeRack\" \/>\n<meta property=\"article:modified_time\" content=\"2025-01-17T16:58:44+00:00\" \/>\n<meta name=\"twitter:card\" content=\"summary_large_image\" \/>\n<meta name=\"twitter:label1\" content=\"Ber\u00e4knad l\u00e4stid\" \/>\n\t<meta name=\"twitter:data1\" content=\"5 minuter\" \/>\n<script type=\"application\/ld+json\" class=\"yoast-schema-graph\">{\"@context\":\"https:\\\/\\\/schema.org\",\"@graph\":[{\"@type\":\"WebPage\",\"@id\":\"https:\\\/\\\/saferack.de\\\/uber-saferack\\\/\",\"url\":\"https:\\\/\\\/saferack.de\\\/uber-saferack\\\/\",\"name\":\"\u00dcber Saferack - SafeRack\",\"isPartOf\":{\"@id\":\"https:\\\/\\\/saferack.de\\\/#website\"},\"primaryImageOfPage\":{\"@id\":\"https:\\\/\\\/saferack.de\\\/uber-saferack\\\/#primaryimage\"},\"image\":{\"@id\":\"https:\\\/\\\/saferack.de\\\/uber-saferack\\\/#primaryimage\"},\"thumbnailUrl\":\"https:\\\/\\\/saferack.de\\\/wp-content\\\/uploads\\\/sites\\\/17\\\/2024\\\/12\\\/Sixaxis-facility-night-shot.avif\",\"datePublished\":\"2024-12-06T00:37:51+00:00\",\"dateModified\":\"2025-01-17T16:58:44+00:00\",\"breadcrumb\":{\"@id\":\"https:\\\/\\\/saferack.de\\\/uber-saferack\\\/#breadcrumb\"},\"inLanguage\":\"sv-SE\",\"potentialAction\":[{\"@type\":\"ReadAction\",\"target\":[\"https:\\\/\\\/saferack.de\\\/uber-saferack\\\/\"]}]},{\"@type\":\"ImageObject\",\"inLanguage\":\"sv-SE\",\"@id\":\"https:\\\/\\\/saferack.de\\\/uber-saferack\\\/#primaryimage\",\"url\":\"https:\\\/\\\/saferack.de\\\/wp-content\\\/uploads\\\/sites\\\/17\\\/2024\\\/12\\\/Sixaxis-facility-night-shot.avif\",\"contentUrl\":\"https:\\\/\\\/saferack.de\\\/wp-content\\\/uploads\\\/sites\\\/17\\\/2024\\\/12\\\/Sixaxis-facility-night-shot.avif\",\"width\":2000,\"height\":999},{\"@type\":\"BreadcrumbList\",\"@id\":\"https:\\\/\\\/saferack.de\\\/uber-saferack\\\/#breadcrumb\",\"itemListElement\":[{\"@type\":\"ListItem\",\"position\":1,\"name\":\"Home\",\"item\":\"https:\\\/\\\/saferack.de\\\/\"},{\"@type\":\"ListItem\",\"position\":2,\"name\":\"\u00dcber Saferack\"}]},{\"@type\":\"WebSite\",\"@id\":\"https:\\\/\\\/saferack.de\\\/#website\",\"url\":\"https:\\\/\\\/saferack.de\\\/\",\"name\":\"SafeRack\",\"description\":\"\",\"publisher\":{\"@id\":\"https:\\\/\\\/saferack.de\\\/#organization\"},\"potentialAction\":[{\"@type\":\"SearchAction\",\"target\":{\"@type\":\"EntryPoint\",\"urlTemplate\":\"https:\\\/\\\/saferack.de\\\/?s={search_term_string}\"},\"query-input\":{\"@type\":\"PropertyValueSpecification\",\"valueRequired\":true,\"valueName\":\"search_term_string\"}}],\"inLanguage\":\"sv-SE\"},{\"@type\":\"Organization\",\"@id\":\"https:\\\/\\\/saferack.de\\\/#organization\",\"name\":\"SafeRack\",\"url\":\"https:\\\/\\\/saferack.de\\\/\",\"logo\":{\"@type\":\"ImageObject\",\"inLanguage\":\"sv-SE\",\"@id\":\"https:\\\/\\\/saferack.de\\\/#\\\/schema\\\/logo\\\/image\\\/\",\"url\":\"https:\\\/\\\/saferack.de\\\/wp-content\\\/uploads\\\/sites\\\/17\\\/2024\\\/12\\\/SafeRack-hex-bug.png\",\"contentUrl\":\"https:\\\/\\\/saferack.de\\\/wp-content\\\/uploads\\\/sites\\\/17\\\/2024\\\/12\\\/SafeRack-hex-bug.png\",\"width\":112,\"height\":134,\"caption\":\"SafeRack\"},\"image\":{\"@id\":\"https:\\\/\\\/saferack.de\\\/#\\\/schema\\\/logo\\\/image\\\/\"}}]}<\/script>\n<!-- \/ Yoast SEO plugin. -->","yoast_head_json":{"title":"\u00dcber Saferack - SafeRack","robots":{"index":"index","follow":"follow","max-snippet":"max-snippet:-1","max-image-preview":"max-image-preview:large","max-video-preview":"max-video-preview:-1"},"canonical":"https:\/\/saferack.de\/sv\/uber-saferack\/","og_locale":"sv_SE","og_type":"article","og_title":"\u00dcber Saferack - SafeRack","og_description":"Vorausschauendes Denken von Grund auf SafeRack wurde von zwei Vertriebsmitarbeitern gegr\u00fcndet, die sich 2002 selbstst\u00e4ndig machten, weil sie der Meinung waren, dass sie es besser machen k\u00f6nnten. Das Unternehmen wurde im wahrsten Sinne des Wortes aus dem Nichts aufgebaut und hat sich unter der Muttergesellschaft zu einem nachhaltigen, integrierten Unternehmen mit innovativen, marktgerechten Markenl\u00f6sungen entwickelt, [&hellip;]","og_url":"https:\/\/saferack.de\/sv\/uber-saferack\/","og_site_name":"SafeRack","article_modified_time":"2025-01-17T16:58:44+00:00","twitter_card":"summary_large_image","twitter_misc":{"Ber\u00e4knad l\u00e4stid":"5 minuter"},"schema":{"@context":"https:\/\/schema.org","@graph":[{"@type":"WebPage","@id":"https:\/\/saferack.de\/uber-saferack\/","url":"https:\/\/saferack.de\/uber-saferack\/","name":"\u00dcber Saferack - SafeRack","isPartOf":{"@id":"https:\/\/saferack.de\/#website"},"primaryImageOfPage":{"@id":"https:\/\/saferack.de\/uber-saferack\/#primaryimage"},"image":{"@id":"https:\/\/saferack.de\/uber-saferack\/#primaryimage"},"thumbnailUrl":"https:\/\/saferack.de\/wp-content\/uploads\/sites\/17\/2024\/12\/Sixaxis-facility-night-shot.avif","datePublished":"2024-12-06T00:37:51+00:00","dateModified":"2025-01-17T16:58:44+00:00","breadcrumb":{"@id":"https:\/\/saferack.de\/uber-saferack\/#breadcrumb"},"inLanguage":"sv-SE","potentialAction":[{"@type":"ReadAction","target":["https:\/\/saferack.de\/uber-saferack\/"]}]},{"@type":"ImageObject","inLanguage":"sv-SE","@id":"https:\/\/saferack.de\/uber-saferack\/#primaryimage","url":"https:\/\/saferack.de\/wp-content\/uploads\/sites\/17\/2024\/12\/Sixaxis-facility-night-shot.avif","contentUrl":"https:\/\/saferack.de\/wp-content\/uploads\/sites\/17\/2024\/12\/Sixaxis-facility-night-shot.avif","width":2000,"height":999},{"@type":"BreadcrumbList","@id":"https:\/\/saferack.de\/uber-saferack\/#breadcrumb","itemListElement":[{"@type":"ListItem","position":1,"name":"Home","item":"https:\/\/saferack.de\/"},{"@type":"ListItem","position":2,"name":"\u00dcber Saferack"}]},{"@type":"WebSite","@id":"https:\/\/saferack.de\/#website","url":"https:\/\/saferack.de\/","name":"SafeRack","description":"","publisher":{"@id":"https:\/\/saferack.de\/#organization"},"potentialAction":[{"@type":"SearchAction","target":{"@type":"EntryPoint","urlTemplate":"https:\/\/saferack.de\/?s={search_term_string}"},"query-input":{"@type":"PropertyValueSpecification","valueRequired":true,"valueName":"search_term_string"}}],"inLanguage":"sv-SE"},{"@type":"Organization","@id":"https:\/\/saferack.de\/#organization","name":"SafeRack","url":"https:\/\/saferack.de\/","logo":{"@type":"ImageObject","inLanguage":"sv-SE","@id":"https:\/\/saferack.de\/#\/schema\/logo\/image\/","url":"https:\/\/saferack.de\/wp-content\/uploads\/sites\/17\/2024\/12\/SafeRack-hex-bug.png","contentUrl":"https:\/\/saferack.de\/wp-content\/uploads\/sites\/17\/2024\/12\/SafeRack-hex-bug.png","width":112,"height":134,"caption":"SafeRack"},"image":{"@id":"https:\/\/saferack.de\/#\/schema\/logo\/image\/"}}]}},"_links":{"self":[{"href":"https:\/\/saferack.de\/sv\/wp-json\/wp\/v2\/pages\/41","targetHints":{"allow":["GET"]}}],"collection":[{"href":"https:\/\/saferack.de\/sv\/wp-json\/wp\/v2\/pages"}],"about":[{"href":"https:\/\/saferack.de\/sv\/wp-json\/wp\/v2\/types\/page"}],"author":[{"embeddable":true,"href":"https:\/\/saferack.de\/sv\/wp-json\/wp\/v2\/users\/1"}],"replies":[{"embeddable":true,"href":"https:\/\/saferack.de\/sv\/wp-json\/wp\/v2\/comments?post=41"}],"version-history":[{"count":25,"href":"https:\/\/saferack.de\/sv\/wp-json\/wp\/v2\/pages\/41\/revisions"}],"predecessor-version":[{"id":1857,"href":"https:\/\/saferack.de\/sv\/wp-json\/wp\/v2\/pages\/41\/revisions\/1857"}],"wp:featuredmedia":[{"embeddable":true,"href":"https:\/\/saferack.de\/sv\/wp-json\/wp\/v2\/media\/518"}],"wp:attachment":[{"href":"https:\/\/saferack.de\/sv\/wp-json\/wp\/v2\/media?parent=41"}],"curies":[{"name":"wp","href":"https:\/\/api.w.org\/{rel}","templated":true}]}}