{"id":224,"date":"2024-12-06T22:07:43","date_gmt":"2024-12-06T22:07:43","guid":{"rendered":"https:\/\/saferack.de\/?page_id=224"},"modified":"2025-01-17T15:15:22","modified_gmt":"2025-01-17T15:15:22","slug":"maxrack-elevating-safety-cage","status":"publish","type":"page","link":"https:\/\/saferack.de\/sv\/maxrack-elevating-safety-cage\/","title":{"rendered":"MaxRack korg f\u00f6r lyftplattform"},"content":{"rendered":"<div class=\"wp-block-media-text is-stacked-on-mobile is-vertically-aligned-top is-image-fill-element\" style=\"margin-top:var(--wp--preset--spacing--medium)\"><figure class=\"wp-block-media-text__media\"><img loading=\"lazy\" decoding=\"async\" width=\"1024\" height=\"652\" src=\"https:\/\/saferack.de\/wp-content\/uploads\/sites\/17\/2024\/12\/maxrack-truck-loading-1024x652.webp\" alt=\"\" class=\"wp-image-982 size-full\" style=\"object-position:50% 50%\" srcset=\"https:\/\/saferack.de\/wp-content\/uploads\/sites\/17\/2024\/12\/maxrack-truck-loading-1024x652.webp 1024w, https:\/\/saferack.de\/wp-content\/uploads\/sites\/17\/2024\/12\/maxrack-truck-loading-300x191.webp 300w, https:\/\/saferack.de\/wp-content\/uploads\/sites\/17\/2024\/12\/maxrack-truck-loading-768x489.webp 768w, https:\/\/saferack.de\/wp-content\/uploads\/sites\/17\/2024\/12\/maxrack-truck-loading-1536x978.webp 1536w, https:\/\/saferack.de\/wp-content\/uploads\/sites\/17\/2024\/12\/maxrack-truck-loading-2048x1304.webp 2048w, https:\/\/saferack.de\/wp-content\/uploads\/sites\/17\/2024\/12\/maxrack-truck-loading-18x12.webp 18w\" sizes=\"auto, (max-width: 1024px) 100vw, 1024px\" \/><\/figure><div class=\"wp-block-media-text__content\">\n<figure class=\"wp-block-image size-large is-resized\" style=\"margin-top:0;margin-bottom:0\"><img loading=\"lazy\" decoding=\"async\" width=\"357\" height=\"58\" src=\"https:\/\/saferack.de\/wp-content\/uploads\/sites\/17\/2024\/12\/MaxRack-Logo.svg\" alt=\"\" class=\"wp-image-443\" style=\"width:233px;height:auto\"\/><\/figure>\n\n\n\n<p>V\u00e5rt motordrivna ledst\u00e5ngssystem MaxRack \u00e4r utformat f\u00f6r j\u00e4rnv\u00e4gsvagnar och lastbilar. Det \u00e4r den enda s\u00e4kerhetslyftkorgen p\u00e5 marknaden som kan h\u00f6jas och s\u00e4nkas manuellt om din anl\u00e4ggning f\u00f6rlorar str\u00f6m eller luft. Den unika konstruktionen av motviktskorgen i kombination med v\u00e5r exklusiva v\u00e4xell\u00e5da med dubbla ing\u00e5ngar ger en smidig drift och g\u00f6r det m\u00f6jligt f\u00f6r operat\u00f6ren att enkelt h\u00f6ja och s\u00e4nka korgen vid str\u00f6mavbrott.<\/p>\n\n\n\n<ul class=\"wp-block-list checks\">\n<li><strong><strong>M\u00e5nga konfigurationsalternativ f\u00f6r de mest kr\u00e4vande eller sv\u00e5ra applikationerna<\/strong><\/strong><\/li>\n\n\n\n<li><strong><strong>Unik motviktsdesign \u00e4r mindre och har billigare drivkomponenter<\/strong><\/strong><\/li>\n\n\n\n<li><strong><strong>Elektrisk lyftning och s\u00e4nkning med en knapptryckning. Manuell \u00f6verstyrning eller lyftning\/s\u00e4nkning vid str\u00f6m- eller lufttrycksf\u00f6rlust<\/strong><\/strong><\/li>\n\n\n\n<li><strong><strong>Standardreservdelar minskar stillest\u00e5ndstiderna snabbt och enkelt<\/strong><\/strong><\/li>\n<\/ul>\n\n\n\n<p class=\"has-text-align-center has-x-small-font-size\">MAXRack \u00e4r byggd f\u00f6r att vara bergfast, med pelarst\u00f6d och lyftarmar i galvaniserat st\u00e5l och en s\u00e4kerhetsbur som finns i aluminium, rostfritt st\u00e5l eller galvaniserat st\u00e5l och pulverlackerad.<\/p>\n<\/div><\/div>\n\n\n\n<div class=\"wp-block-media-text has-media-on-the-right is-stacked-on-mobile is-vertically-aligned-top\"><div class=\"wp-block-media-text__content\">\n<p class=\"has-text-align-center\">MAXRack arbetsplattform f\u00f6r lastbils- och r\u00e4lsfordonsapplikationer.<\/p>\n\n\n\n<div class=\"wp-block-columns is-layout-flex wp-container-core-columns-is-layout-28f84493 wp-block-columns-is-layout-flex\">\n<div class=\"wp-block-column is-layout-flow wp-block-column-is-layout-flow\">\n<figure class=\"wp-block-image aligncenter size-full is-resized\"><img loading=\"lazy\" decoding=\"async\" width=\"204\" height=\"217\" src=\"https:\/\/saferack.de\/wp-content\/uploads\/sites\/17\/2024\/12\/Truck-front-image.png\" alt=\"\" class=\"wp-image-1022\" style=\"width:auto;height:100px\" srcset=\"https:\/\/saferack.de\/wp-content\/uploads\/sites\/17\/2024\/12\/Truck-front-image.png 204w, https:\/\/saferack.de\/wp-content\/uploads\/sites\/17\/2024\/12\/Truck-front-image-11x12.png 11w\" sizes=\"auto, (max-width: 204px) 100vw, 204px\" \/><\/figure>\n\n\n\n<p class=\"has-text-align-center\"><strong><strong>LORRIES<\/strong><\/strong><br>4\u2032 till 6\u2032 bred x 15\u2032 till 33\u2032 l\u00e5ng<\/p>\n<\/div>\n\n\n\n<div class=\"wp-block-column is-layout-flow wp-block-column-is-layout-flow\">\n<figure class=\"wp-block-image aligncenter size-full is-resized\"><img loading=\"lazy\" decoding=\"async\" width=\"183\" height=\"290\" src=\"https:\/\/saferack.de\/wp-content\/uploads\/sites\/17\/2024\/12\/Railcar-back-image.webp\" alt=\"\" class=\"wp-image-1023\" style=\"width:auto;height:100px\" srcset=\"https:\/\/saferack.de\/wp-content\/uploads\/sites\/17\/2024\/12\/Railcar-back-image.webp 183w, https:\/\/saferack.de\/wp-content\/uploads\/sites\/17\/2024\/12\/Railcar-back-image-8x12.webp 8w\" sizes=\"auto, (max-width: 183px) 100vw, 183px\" \/><\/figure>\n\n\n\n<p class=\"has-text-align-center\"><strong><strong>J\u00c4RNV\u00c4G<\/strong><\/strong><br>6\u2032 till 10\u2032 bred x 15\u2032 till 33\u2032 l\u00e5ng<\/p>\n<\/div>\n<\/div>\n\n\n\n<figure class=\"wp-block-vimeo-create vimeo-create__video-container\"><div style=\"width:100%\"><iframe class=\"vimeo-core-video\" loading=\"lazy\" src=\"https:\/\/player.vimeo.com\/video\/1037902583?autopause=true&amp;autoplay=true&amp;background=true&amp;byline=true&amp;controls=false&amp;dnt=true&amp;loop=true&amp;muted=true&amp;pip=false&amp;playsinline=true&amp;portrait=true&amp;responsive=true&amp;speed=false&amp;title=true&amp;transparent=false\" width=\"1920\" height=\"1080\" frameborder=\"0\" allowfullscreen title=\"MaxRack i bruk\" style=\"max-width:100%;width:100%;height:100%;aspect-ratio:1920 \/ 1080\"><\/iframe><\/div><\/figure>\n<\/div><figure class=\"wp-block-media-text__media\"><img loading=\"lazy\" decoding=\"async\" width=\"524\" height=\"517\" src=\"https:\/\/saferack.de\/wp-content\/uploads\/sites\/17\/2024\/12\/MAXRack-elevating-safety-cage.jpg\" alt=\"\" class=\"wp-image-434 size-full\" srcset=\"https:\/\/saferack.de\/wp-content\/uploads\/sites\/17\/2024\/12\/MAXRack-elevating-safety-cage.jpg 524w, https:\/\/saferack.de\/wp-content\/uploads\/sites\/17\/2024\/12\/MAXRack-elevating-safety-cage-300x296.jpg 300w\" sizes=\"auto, (max-width: 524px) 100vw, 524px\" \/><\/figure><\/div>\n\n\n\n<div class=\"wp-block-group alignfull has-base-color has-custom-gray-background-color has-text-color has-background has-link-color wp-elements-0253eac0d00d3879c8e8ea85e4196ea4 has-global-padding is-layout-constrained wp-block-group-is-layout-constrained\" style=\"margin-top:0;margin-bottom:0\">\n<div class=\"wp-block-media-text has-media-on-the-right is-stacked-on-mobile is-vertically-aligned-top is-image-fill-element\"><div class=\"wp-block-media-text__content\">\n<h3 class=\"wp-block-heading\">Tv\u00e5 str\u00f6mf\u00f6rs\u00f6rjningsalternativ tillg\u00e4ngliga<\/h3>\n\n\n\n<p>S\u00e4kerhetsburen MAXRack kan h\u00f6jas eller s\u00e4nkas med en enkel tryckknapp.<\/p>\n\n\n\n<ul class=\"wp-block-list checks\">\n<li><strong><strong>Pneumatisk drivning<\/strong><\/strong><\/li>\n\n\n\n<li><strong>Elektrisk drivning<\/strong><br>(enfas och 3-fas med explosionsskyddade elmotorer som tillval)<\/li>\n<\/ul>\n\n\n\n<p class=\"has-x-small-font-size\"><strong>Manuell n\u00f6dstyrning<\/strong>\u00a0vid kraft- eller luftf\u00f6rlust i systemet via en manuell handratt. \u00d6vre och nedre gr\u00e4nsl\u00e4gesbrytare f\u00f6r att stoppa bilen i arbets- och f\u00f6rvaringsl\u00e4ge<br><\/p>\n\n\n\n<figure class=\"wp-block-image size-full\"><img loading=\"lazy\" decoding=\"async\" width=\"1015\" height=\"637\" src=\"https:\/\/saferack.de\/wp-content\/uploads\/sites\/17\/2024\/12\/maxrack-multi-hatch-safety-cage.jpg\" alt=\"\" class=\"wp-image-435\" srcset=\"https:\/\/saferack.de\/wp-content\/uploads\/sites\/17\/2024\/12\/maxrack-multi-hatch-safety-cage.jpg 1015w, https:\/\/saferack.de\/wp-content\/uploads\/sites\/17\/2024\/12\/maxrack-multi-hatch-safety-cage-300x188.jpg 300w, https:\/\/saferack.de\/wp-content\/uploads\/sites\/17\/2024\/12\/maxrack-multi-hatch-safety-cage-768x482.jpg 768w\" sizes=\"auto, (max-width: 1015px) 100vw, 1015px\" \/><\/figure>\n<\/div><figure class=\"wp-block-media-text__media\"><img loading=\"lazy\" decoding=\"async\" width=\"1024\" height=\"942\" src=\"https:\/\/saferack.de\/wp-content\/uploads\/sites\/17\/2024\/12\/MaxRack-Elevating-Loading-Safty-Cage-Platform-1024x942.png\" alt=\"\" class=\"wp-image-433 size-full\" style=\"object-position:50% 50%\" srcset=\"https:\/\/saferack.de\/wp-content\/uploads\/sites\/17\/2024\/12\/MaxRack-Elevating-Loading-Safty-Cage-Platform-1024x942.png 1024w, https:\/\/saferack.de\/wp-content\/uploads\/sites\/17\/2024\/12\/MaxRack-Elevating-Loading-Safty-Cage-Platform-300x276.png 300w, https:\/\/saferack.de\/wp-content\/uploads\/sites\/17\/2024\/12\/MaxRack-Elevating-Loading-Safty-Cage-Platform-768x706.png 768w, https:\/\/saferack.de\/wp-content\/uploads\/sites\/17\/2024\/12\/MaxRack-Elevating-Loading-Safty-Cage-Platform.png 1254w\" sizes=\"auto, (max-width: 1024px) 100vw, 1024px\" \/><\/figure><\/div>\n<\/div>","protected":false},"excerpt":{"rendered":"<p>Tv\u00e5 kraftalternativ tillg\u00e4ngliga S\u00e4kerhetsburen MAXRack kan h\u00f6jas eller s\u00e4nkas med ett enkelt tryckknappsreglage. Manuell n\u00f6dstyrning i h\u00e4ndelse av str\u00f6m- eller luftf\u00f6rlust i systemet via en manuell handratt. \u00d6vre och nedre gr\u00e4nsl\u00e4gesbrytare f\u00f6r att stoppa buren i arbets- och f\u00f6rvaringsl\u00e4gena<\/p>","protected":false},"author":1,"featured_media":985,"parent":0,"menu_order":0,"comment_status":"closed","ping_status":"closed","template":"","meta":{"footnotes":""},"class_list":["post-224","page","type-page","status-publish","has-post-thumbnail","hentry"],"yoast_head":"<!-- This site is optimized with the Yoast SEO plugin v27.5 - https:\/\/yoast.com\/product\/yoast-seo-wordpress\/ -->\n<title>MaxRack Hubsteigerk\u00e4fig - SafeRack<\/title>\n<meta name=\"robots\" content=\"index, follow, max-snippet:-1, max-image-preview:large, max-video-preview:-1\" \/>\n<link rel=\"canonical\" href=\"https:\/\/saferack.de\/sv\/maxrack-elevating-safety-cage\/\" \/>\n<meta property=\"og:locale\" content=\"sv_SE\" \/>\n<meta property=\"og:type\" content=\"article\" \/>\n<meta property=\"og:title\" content=\"MaxRack Hubsteigerk\u00e4fig - SafeRack\" \/>\n<meta property=\"og:description\" content=\"Zwei Leistungsoptionen verf\u00fcgbar Der MAXRack-Sicherheitsk\u00e4fig kann mit einer einfachen Druckknopfsteuerung angehoben oder abgesenkt werden. Manuelle Not\u00fcberbr\u00fcckung\u00a0bei Strom- oder Luftverlust in der Anlage \u00fcber ein manuelles Handrad. Obere und untere Endschalter zum Anhalten des Fahrkorbs in der Arbeits- und der Lagerposition\" \/>\n<meta property=\"og:url\" content=\"https:\/\/saferack.de\/sv\/maxrack-elevating-safety-cage\/\" \/>\n<meta property=\"og:site_name\" content=\"SafeRack\" \/>\n<meta property=\"article:modified_time\" content=\"2025-01-17T15:15:22+00:00\" \/>\n<meta property=\"og:image\" content=\"https:\/\/saferack.de\/wp-content\/uploads\/sites\/17\/2024\/12\/maxrack-banner.webp\" \/>\n\t<meta property=\"og:image:width\" content=\"2560\" \/>\n\t<meta property=\"og:image:height\" content=\"610\" \/>\n\t<meta property=\"og:image:type\" content=\"image\/webp\" \/>\n<meta name=\"twitter:card\" content=\"summary_large_image\" \/>\n<meta name=\"twitter:label1\" content=\"Ber\u00e4knad l\u00e4stid\" \/>\n\t<meta name=\"twitter:data1\" content=\"3 minuter\" \/>\n<script type=\"application\/ld+json\" class=\"yoast-schema-graph\">{\"@context\":\"https:\\\/\\\/schema.org\",\"@graph\":[{\"@type\":\"WebPage\",\"@id\":\"https:\\\/\\\/saferack.de\\\/maxrack-elevating-safety-cage\\\/\",\"url\":\"https:\\\/\\\/saferack.de\\\/maxrack-elevating-safety-cage\\\/\",\"name\":\"MaxRack Hubsteigerk\u00e4fig - SafeRack\",\"isPartOf\":{\"@id\":\"https:\\\/\\\/saferack.de\\\/#website\"},\"primaryImageOfPage\":{\"@id\":\"https:\\\/\\\/saferack.de\\\/maxrack-elevating-safety-cage\\\/#primaryimage\"},\"image\":{\"@id\":\"https:\\\/\\\/saferack.de\\\/maxrack-elevating-safety-cage\\\/#primaryimage\"},\"thumbnailUrl\":\"https:\\\/\\\/saferack.de\\\/wp-content\\\/uploads\\\/sites\\\/17\\\/2024\\\/12\\\/maxrack-banner.webp\",\"datePublished\":\"2024-12-06T22:07:43+00:00\",\"dateModified\":\"2025-01-17T15:15:22+00:00\",\"breadcrumb\":{\"@id\":\"https:\\\/\\\/saferack.de\\\/maxrack-elevating-safety-cage\\\/#breadcrumb\"},\"inLanguage\":\"sv-SE\",\"potentialAction\":[{\"@type\":\"ReadAction\",\"target\":[\"https:\\\/\\\/saferack.de\\\/maxrack-elevating-safety-cage\\\/\"]}]},{\"@type\":\"ImageObject\",\"inLanguage\":\"sv-SE\",\"@id\":\"https:\\\/\\\/saferack.de\\\/maxrack-elevating-safety-cage\\\/#primaryimage\",\"url\":\"https:\\\/\\\/saferack.de\\\/wp-content\\\/uploads\\\/sites\\\/17\\\/2024\\\/12\\\/maxrack-banner.webp\",\"contentUrl\":\"https:\\\/\\\/saferack.de\\\/wp-content\\\/uploads\\\/sites\\\/17\\\/2024\\\/12\\\/maxrack-banner.webp\",\"width\":2560,\"height\":610},{\"@type\":\"BreadcrumbList\",\"@id\":\"https:\\\/\\\/saferack.de\\\/maxrack-elevating-safety-cage\\\/#breadcrumb\",\"itemListElement\":[{\"@type\":\"ListItem\",\"position\":1,\"name\":\"Home\",\"item\":\"https:\\\/\\\/saferack.de\\\/\"},{\"@type\":\"ListItem\",\"position\":2,\"name\":\"MaxRack Hubsteigerk\u00e4fig\"}]},{\"@type\":\"WebSite\",\"@id\":\"https:\\\/\\\/saferack.de\\\/#website\",\"url\":\"https:\\\/\\\/saferack.de\\\/\",\"name\":\"SafeRack\",\"description\":\"\",\"publisher\":{\"@id\":\"https:\\\/\\\/saferack.de\\\/#organization\"},\"potentialAction\":[{\"@type\":\"SearchAction\",\"target\":{\"@type\":\"EntryPoint\",\"urlTemplate\":\"https:\\\/\\\/saferack.de\\\/?s={search_term_string}\"},\"query-input\":{\"@type\":\"PropertyValueSpecification\",\"valueRequired\":true,\"valueName\":\"search_term_string\"}}],\"inLanguage\":\"sv-SE\"},{\"@type\":\"Organization\",\"@id\":\"https:\\\/\\\/saferack.de\\\/#organization\",\"name\":\"SafeRack\",\"url\":\"https:\\\/\\\/saferack.de\\\/\",\"logo\":{\"@type\":\"ImageObject\",\"inLanguage\":\"sv-SE\",\"@id\":\"https:\\\/\\\/saferack.de\\\/#\\\/schema\\\/logo\\\/image\\\/\",\"url\":\"https:\\\/\\\/saferack.de\\\/wp-content\\\/uploads\\\/sites\\\/17\\\/2024\\\/12\\\/SafeRack-hex-bug.png\",\"contentUrl\":\"https:\\\/\\\/saferack.de\\\/wp-content\\\/uploads\\\/sites\\\/17\\\/2024\\\/12\\\/SafeRack-hex-bug.png\",\"width\":112,\"height\":134,\"caption\":\"SafeRack\"},\"image\":{\"@id\":\"https:\\\/\\\/saferack.de\\\/#\\\/schema\\\/logo\\\/image\\\/\"}}]}<\/script>\n<!-- \/ Yoast SEO plugin. -->","yoast_head_json":{"title":"MaxRack Hubsteigerk\u00e4fig - SafeRack","robots":{"index":"index","follow":"follow","max-snippet":"max-snippet:-1","max-image-preview":"max-image-preview:large","max-video-preview":"max-video-preview:-1"},"canonical":"https:\/\/saferack.de\/sv\/maxrack-elevating-safety-cage\/","og_locale":"sv_SE","og_type":"article","og_title":"MaxRack Hubsteigerk\u00e4fig - SafeRack","og_description":"Zwei Leistungsoptionen verf\u00fcgbar Der MAXRack-Sicherheitsk\u00e4fig kann mit einer einfachen Druckknopfsteuerung angehoben oder abgesenkt werden. Manuelle Not\u00fcberbr\u00fcckung\u00a0bei Strom- oder Luftverlust in der Anlage \u00fcber ein manuelles Handrad. Obere und untere Endschalter zum Anhalten des Fahrkorbs in der Arbeits- und der Lagerposition","og_url":"https:\/\/saferack.de\/sv\/maxrack-elevating-safety-cage\/","og_site_name":"SafeRack","article_modified_time":"2025-01-17T15:15:22+00:00","og_image":[{"width":2560,"height":610,"url":"https:\/\/saferack.de\/wp-content\/uploads\/sites\/17\/2024\/12\/maxrack-banner.webp","type":"image\/webp"}],"twitter_card":"summary_large_image","twitter_misc":{"Ber\u00e4knad l\u00e4stid":"3 minuter"},"schema":{"@context":"https:\/\/schema.org","@graph":[{"@type":"WebPage","@id":"https:\/\/saferack.de\/maxrack-elevating-safety-cage\/","url":"https:\/\/saferack.de\/maxrack-elevating-safety-cage\/","name":"MaxRack Hubsteigerk\u00e4fig - SafeRack","isPartOf":{"@id":"https:\/\/saferack.de\/#website"},"primaryImageOfPage":{"@id":"https:\/\/saferack.de\/maxrack-elevating-safety-cage\/#primaryimage"},"image":{"@id":"https:\/\/saferack.de\/maxrack-elevating-safety-cage\/#primaryimage"},"thumbnailUrl":"https:\/\/saferack.de\/wp-content\/uploads\/sites\/17\/2024\/12\/maxrack-banner.webp","datePublished":"2024-12-06T22:07:43+00:00","dateModified":"2025-01-17T15:15:22+00:00","breadcrumb":{"@id":"https:\/\/saferack.de\/maxrack-elevating-safety-cage\/#breadcrumb"},"inLanguage":"sv-SE","potentialAction":[{"@type":"ReadAction","target":["https:\/\/saferack.de\/maxrack-elevating-safety-cage\/"]}]},{"@type":"ImageObject","inLanguage":"sv-SE","@id":"https:\/\/saferack.de\/maxrack-elevating-safety-cage\/#primaryimage","url":"https:\/\/saferack.de\/wp-content\/uploads\/sites\/17\/2024\/12\/maxrack-banner.webp","contentUrl":"https:\/\/saferack.de\/wp-content\/uploads\/sites\/17\/2024\/12\/maxrack-banner.webp","width":2560,"height":610},{"@type":"BreadcrumbList","@id":"https:\/\/saferack.de\/maxrack-elevating-safety-cage\/#breadcrumb","itemListElement":[{"@type":"ListItem","position":1,"name":"Home","item":"https:\/\/saferack.de\/"},{"@type":"ListItem","position":2,"name":"MaxRack Hubsteigerk\u00e4fig"}]},{"@type":"WebSite","@id":"https:\/\/saferack.de\/#website","url":"https:\/\/saferack.de\/","name":"SafeRack","description":"","publisher":{"@id":"https:\/\/saferack.de\/#organization"},"potentialAction":[{"@type":"SearchAction","target":{"@type":"EntryPoint","urlTemplate":"https:\/\/saferack.de\/?s={search_term_string}"},"query-input":{"@type":"PropertyValueSpecification","valueRequired":true,"valueName":"search_term_string"}}],"inLanguage":"sv-SE"},{"@type":"Organization","@id":"https:\/\/saferack.de\/#organization","name":"SafeRack","url":"https:\/\/saferack.de\/","logo":{"@type":"ImageObject","inLanguage":"sv-SE","@id":"https:\/\/saferack.de\/#\/schema\/logo\/image\/","url":"https:\/\/saferack.de\/wp-content\/uploads\/sites\/17\/2024\/12\/SafeRack-hex-bug.png","contentUrl":"https:\/\/saferack.de\/wp-content\/uploads\/sites\/17\/2024\/12\/SafeRack-hex-bug.png","width":112,"height":134,"caption":"SafeRack"},"image":{"@id":"https:\/\/saferack.de\/#\/schema\/logo\/image\/"}}]}},"_links":{"self":[{"href":"https:\/\/saferack.de\/sv\/wp-json\/wp\/v2\/pages\/224","targetHints":{"allow":["GET"]}}],"collection":[{"href":"https:\/\/saferack.de\/sv\/wp-json\/wp\/v2\/pages"}],"about":[{"href":"https:\/\/saferack.de\/sv\/wp-json\/wp\/v2\/types\/page"}],"author":[{"embeddable":true,"href":"https:\/\/saferack.de\/sv\/wp-json\/wp\/v2\/users\/1"}],"replies":[{"embeddable":true,"href":"https:\/\/saferack.de\/sv\/wp-json\/wp\/v2\/comments?post=224"}],"version-history":[{"count":50,"href":"https:\/\/saferack.de\/sv\/wp-json\/wp\/v2\/pages\/224\/revisions"}],"predecessor-version":[{"id":1831,"href":"https:\/\/saferack.de\/sv\/wp-json\/wp\/v2\/pages\/224\/revisions\/1831"}],"wp:featuredmedia":[{"embeddable":true,"href":"https:\/\/saferack.de\/sv\/wp-json\/wp\/v2\/media\/985"}],"wp:attachment":[{"href":"https:\/\/saferack.de\/sv\/wp-json\/wp\/v2\/media?parent=224"}],"curies":[{"name":"wp","href":"https:\/\/api.w.org\/{rel}","templated":true}]}}