{"id":41,"date":"2024-12-06T00:37:51","date_gmt":"2024-12-06T00:37:51","guid":{"rendered":"https:\/\/saferack.de\/?page_id=41"},"modified":"2025-01-17T16:58:44","modified_gmt":"2025-01-17T16:58:44","slug":"uber-saferack","status":"publish","type":"page","link":"https:\/\/saferack.de\/en\/uber-saferack\/","title":{"rendered":"About Saferack"},"content":{"rendered":"<div class=\"wp-block-group has-global-padding is-layout-constrained wp-block-group-is-layout-constrained\" style=\"margin-top:var(--wp--preset--spacing--small)\">\n<h2 class=\"wp-block-heading has-text-align-center\">Forward Thinking From the Ground Up<\/h2>\n<\/div>\n\n\n\n<p class=\"has-text-align-center\">SafeRack was launched by two sales guys turned entrepreneurs who, in 2002, went out on their own because they felt they could do things better. Built quite literally from dirt floors up, the company has grown into a sustainable, integrated enterprise of innovative, market-facing brand solutions under its parent company, <a href=\"https:\/\/www.sixaxisllc.com\/\">SixAxis<\/a>all with safety and compliance in mind.<\/p>\n\n\n\n<div class=\"wp-block-cover is-light has-custom-content-position is-position-center-right\" style=\"margin-top:var(--wp--preset--spacing--small);margin-bottom:var(--wp--preset--spacing--small)\"><span aria-hidden=\"true\" class=\"wp-block-cover__background has-background-dim-0 has-background-dim\" style=\"background-color:#948270\"><\/span><img decoding=\"async\" class=\"wp-block-cover__image-background wp-image-427407\" alt=\"\" src=\"https:\/\/stg-saferack-staging.kinsta.cloud\/wp-content\/uploads\/2024\/09\/SafeRack-Sharp-event-large-scaled.avif\" data-object-fit=\"cover\"\/><div class=\"wp-block-cover__inner-container has-global-padding is-layout-constrained wp-block-cover-is-layout-constrained\">\n<div class=\"wp-block-group has-border-color has-base-border-color has-background has-global-padding is-layout-constrained wp-container-core-group-is-layout-d5be7193 wp-block-group-is-layout-constrained\" style=\"border-width:2px;background-color:#000000ba;padding-top:var(--wp--preset--spacing--x-small);padding-right:var(--wp--preset--spacing--x-small);padding-bottom:var(--wp--preset--spacing--x-small);padding-left:var(--wp--preset--spacing--x-small)\">\n<div class=\"wp-block-group has-global-padding is-layout-constrained wp-block-group-is-layout-constrained\" style=\"margin-top:0;margin-bottom:0\">\n<figure class=\"wp-block-image aligncenter size-large is-resized wp-duotone-ffffff-ffffff-1\"><img decoding=\"async\" src=\"https:\/\/www.rollastep.com\/wp-content\/uploads\/2024\/07\/made-in-USA-medium-icon.svg\" alt=\"\" class=\"wp-image-144\" style=\"width:51px\"\/><\/figure>\n<\/div>\n\n\n\n<h6 class=\"wp-block-heading has-text-align-center has-base-color has-text-color has-link-color wp-elements-05b38a6a0e9f5ccb5c200993f5354ecf\" id=\"h-made-in-the-usa\" style=\"margin-top:0;margin-bottom:0\">Made in the USA<\/h6>\n\n\n\n<p class=\"has-text-align-center has-base-color has-text-color has-link-color wp-elements-830e2a7d246e281782d5f932d7b020d6\" style=\"margin-top:0;margin-bottom:0;font-size:14px;line-height:1.3\">Manufactured in the United States, we produce the highest-quality safety products for the most demanding industrial applications<\/p>\n<\/div>\n<\/div><\/div>\n\n\n\n<div class=\"wp-block-group alignfull has-base-color has-text-color has-background has-link-color wp-elements-66998d7cd73c5c6f276f0aa8e8f7c7f1 has-global-padding is-layout-constrained wp-block-group-is-layout-constrained\" style=\"background-color:#2f2f2f;margin-top:0;padding-top:var(--wp--preset--spacing--small);padding-bottom:var(--wp--preset--spacing--small);background-image:url(&apos;https:\/\/stg-saferack-staging.kinsta.cloud\/wp-content\/uploads\/2024\/09\/about-patents-bg.avif&apos;);background-position:50% 0;background-size:cover;\">\n<h2 class=\"wp-block-heading has-text-align-center\">LOCATIONS<\/h2>\n\n\n\n<div class=\"wp-block-columns is-layout-flex wp-container-core-columns-is-layout-e0e4babd wp-block-columns-is-layout-flex\" style=\"padding-right:0;padding-left:0\">\n<div class=\"wp-block-column is-vertically-aligned-top is-layout-flow wp-block-column-is-layout-flow\" style=\"padding-right:var(--wp--preset--spacing--10);padding-left:var(--wp--preset--spacing--10)\">\n<div class=\"wp-block-cover has-custom-content-position is-position-bottom-center\" style=\"padding-top:var(--wp--preset--spacing--x-small);padding-bottom:var(--wp--preset--spacing--x-small);min-height:237px;aspect-ratio:unset;\"><span aria-hidden=\"true\" class=\"wp-block-cover__background has-contrast-background-color has-background-dim\"><\/span><img decoding=\"async\" class=\"wp-block-cover__image-background wp-image-427373\" alt=\"\" src=\"https:\/\/stg-saferack-staging.kinsta.cloud\/wp-content\/uploads\/2024\/09\/saferack-andrews-plant.avif\" data-object-fit=\"cover\"\/><div class=\"wp-block-cover__inner-container has-global-padding is-layout-constrained wp-block-cover-is-layout-constrained\">\n<p class=\"has-text-align-center has-base-2-color has-text-color has-link-color has-medium-font-size wp-elements-f0c35cbdea35433c773d506696779d90\">CORPORATE OFFICE<\/p>\n\n\n\n<p class=\"has-text-align-center location--card-content\" style=\"margin-top:0;margin-bottom:var(--wp--preset--spacing--10);font-size:12px\"><strong><strong>219 Safety Avenue, Andrews, SC 29510 | +1 843 264-8096<\/strong><\/strong><\/p>\n<\/div><\/div>\n<\/div>\n\n\n\n<div class=\"wp-block-column is-layout-flow wp-block-column-is-layout-flow\">\n<div class=\"wp-block-cover has-custom-content-position is-position-bottom-center\" style=\"padding-top:var(--wp--preset--spacing--x-small);padding-bottom:var(--wp--preset--spacing--x-small);min-height:237px;aspect-ratio:unset;\"><span aria-hidden=\"true\" class=\"wp-block-cover__background has-contrast-background-color has-background-dim\"><\/span><img decoding=\"async\" class=\"wp-block-cover__image-background wp-image-427374\" alt=\"\" src=\"https:\/\/stg-saferack-staging.kinsta.cloud\/wp-content\/uploads\/2024\/09\/sumter-facility.avif\" data-object-fit=\"cover\"\/><div class=\"wp-block-cover__inner-container has-global-padding is-layout-constrained wp-block-cover-is-layout-constrained\">\n<p class=\"has-text-align-center has-base-2-color has-text-color has-link-color has-medium-font-size wp-elements-1cfda0efba49dc4a24e8b1d65a9e9157\">CUSTOMER SERVICE<\/p>\n\n\n\n<p class=\"has-text-align-center location--card-content\" style=\"margin-top:0;margin-bottom:var(--wp--preset--spacing--10);font-size:12px\"><strong><strong>730 Electric Drive, Sumter, South Carolina 29153 | +1 803 774-7225<\/strong><\/strong><\/p>\n<\/div><\/div>\n<\/div>\n\n\n\n<div class=\"wp-block-column is-layout-flow wp-block-column-is-layout-flow\" style=\"padding-right:var(--wp--preset--spacing--50);padding-left:var(--wp--preset--spacing--50)\">\n<div class=\"wp-block-cover has-custom-content-position is-position-bottom-center\" style=\"padding-top:var(--wp--preset--spacing--x-small);padding-bottom:var(--wp--preset--spacing--x-small);min-height:237px;aspect-ratio:unset;\"><span aria-hidden=\"true\" class=\"wp-block-cover__background has-contrast-background-color has-background-dim\"><\/span><img decoding=\"async\" class=\"wp-block-cover__image-background wp-image-427371\" alt=\"\" src=\"https:\/\/stg-saferack-staging.kinsta.cloud\/wp-content\/uploads\/2024\/09\/sixaxis-uk-office.avif\" data-object-fit=\"cover\"\/><div class=\"wp-block-cover__inner-container has-global-padding is-layout-constrained wp-block-cover-is-layout-constrained\">\n<p class=\"has-text-align-center has-base-2-color has-text-color has-link-color has-medium-font-size wp-elements-a75afc34beee78986e17ffd6def25f2a\">INTERNATIONAL SALES<\/p>\n\n\n\n<p class=\"has-text-align-center location--card-content\" style=\"margin-top:0;margin-bottom:var(--wp--preset--spacing--10);font-size:12px\"><strong><strong>Kent Innovation Centre, Thanet Reach Bus. Park, Millennium Way, Broadstairs CT10 2QQ | +44 1843 609671<\/strong><\/strong><\/p>\n<\/div><\/div>\n<\/div>\n<\/div>\n<\/div>\n\n\n\n<div class=\"wp-block-media-text is-stacked-on-mobile\" style=\"margin-top:var(--wp--preset--spacing--medium);margin-bottom:var(--wp--preset--spacing--medium)\"><figure class=\"wp-block-media-text__media\"><img decoding=\"async\" src=\"https:\/\/stg-saferack-staging.kinsta.cloud\/wp-content\/uploads\/2024\/09\/about-collage.avif\" alt=\"\" class=\"wp-image-427408 size-full\"\/><\/figure><div class=\"wp-block-media-text__content\">\n<div class=\"wp-block-group has-global-padding is-content-justification-left is-layout-constrained wp-container-core-group-is-layout-e9d5792b wp-block-group-is-layout-constrained\">\n<figure class=\"wp-block-image aligncenter size-full is-resized\"><img loading=\"lazy\" decoding=\"async\" width=\"400\" height=\"418\" src=\"https:\/\/saferack.de\/wp-content\/uploads\/sites\/17\/2024\/12\/why-choose-saferack-seal.avif\" alt=\"\" class=\"wp-image-864\" style=\"width:134px;height:auto\" srcset=\"https:\/\/saferack.de\/wp-content\/uploads\/sites\/17\/2024\/12\/why-choose-saferack-seal.avif 400w, https:\/\/saferack.de\/wp-content\/uploads\/sites\/17\/2024\/12\/why-choose-saferack-seal-287x300.avif 287w, https:\/\/saferack.de\/wp-content\/uploads\/sites\/17\/2024\/12\/why-choose-saferack-seal-11x12.avif 11w\" sizes=\"auto, (max-width: 400px) 100vw, 400px\" \/><\/figure>\n\n\n\n<h3 class=\"wp-block-heading has-text-align-center\" id=\"h-the-most-important-person-at-saferack-is-you\"><strong><strong>The Most Important Person at SafeRack is You<\/strong><\/strong><\/h3>\n\n\n\n<p class=\"has-text-align-center has-x-small-font-size\">We understand your business is important, and we make sure to reflect that in everything we do. From product design to customer support, your needs drive our decisions. That\u2019s why we prioritize safety, fast response times, expert engineering, and reliable deliveries. We aim to exceed your expectations, not just meet them.<\/p>\n\n\n\n<p class=\"has-text-align-center has-x-small-font-size\">We\u2019re in this for the long haul, ready to support your business every step of the way.<\/p>\n<\/div>\n<\/div><\/div>\n\n\n\n<div class=\"wp-block-group alignfull has-background has-global-padding is-layout-constrained wp-block-group-is-layout-constrained\" style=\"background-color:#181818;margin-top:0\">\n<div class=\"wp-block-columns has-base-color has-text-color has-link-color wp-elements-a5a993ef88686cad91b9ca0a773cca97 is-layout-flex wp-container-core-columns-is-layout-28f84493 wp-block-columns-is-layout-flex\">\n<div class=\"wp-block-column is-vertically-aligned-center is-layout-flow wp-block-column-is-layout-flow\" style=\"padding-top:var(--wp--preset--spacing--small);padding-bottom:var(--wp--preset--spacing--small)\">\n<h3 class=\"wp-block-heading has-text-align-center\" id=\"h-over-20-patented-features-amp-products\">Over 20 Patented Features &amp; Products<\/h3>\n\n\n\n<p class=\"has-text-align-center has-x-small-font-size\">We are constantly searching for the most innovative way to make our products better. Much like you, we pursue efficiencies and technologies to improve our business. Our design and engineering team is tireless in its efforts to identify new means and methods of creating the products and features that meet the specialized needs of our customers, while setting us apart from our competition.<\/p>\n\n\n\n<p class=\"has-text-align-center has-x-small-font-size\"><strong>We have developed these features, which exemplify our passion for making our rack systems better.<\/strong><\/p>\n\n\n\n<div class=\"wp-block-buttons is-content-justification-center is-layout-flex wp-container-core-buttons-is-layout-a89b3969 wp-block-buttons-is-layout-flex\">\n<div class=\"wp-block-button\"><a class=\"wp-block-button__link wp-element-button\" href=\"https:\/\/www.sixaxisllc.com\/patents\/\" target=\"_blank\" rel=\"noreferrer noopener\">View Patent Portfolio<\/a><\/div>\n<\/div>\n<\/div>\n\n\n\n<div class=\"wp-block-column is-vertically-aligned-center is-layout-flow wp-block-column-is-layout-flow\">\n<figure class=\"wp-block-image size-full\"><img decoding=\"async\" src=\"https:\/\/stg-saferack-staging.kinsta.cloud\/wp-content\/uploads\/2024\/09\/SafeRack-GX-Patent.avif\" alt=\"\" class=\"wp-image-427412\"\/><\/figure>\n<\/div>\n<\/div>\n<\/div>\n\n\n\n<div class=\"wp-block-media-text is-stacked-on-mobile is-vertically-aligned-center is-image-fill-element\" style=\"margin-top:var(--wp--preset--spacing--medium);margin-bottom:var(--wp--preset--spacing--medium)\"><figure class=\"wp-block-media-text__media\"><img decoding=\"async\" src=\"https:\/\/stg-saferack-staging.kinsta.cloud\/wp-content\/uploads\/2024\/09\/saferack-assembly-1024x683.avif\" alt=\"\" class=\"wp-image-427413 size-full\" style=\"object-position:50% 50%\"\/><\/figure><div class=\"wp-block-media-text__content\">\n<h3 class=\"wp-block-heading has-text-align-center\">The SixAxis Culture<\/h3>\n\n\n\n<p class=\"has-text-align-center has-x-small-font-size\">We\u2019re proud of our innovative products and technology, but the exceptional people behind it are what set us apart. Our dynamic sales team serves customers worldwide supporting the growth of safer and more efficient workplaces across vertical markets from food &amp; beverage to bulk chemical to aerospace &amp; defense. Our innovative systems compress the time-to-solution ratio with a one-of-a-kind collaborative sales, engineering, and manufacturing process that delivers the safety solutions our customers rely on to keep people safe at work.<\/p>\n\n\n\n<p class=\"has-text-align-center has-x-small-font-size\">Our patented products are made in America under the brand families SafeRack, ErectAStep, and Upside Innovations. Despite consistent growth, we are committed to keeping our company homegrown. While others outsource work overseas, we thrive across domestic and global economies with efficient processes, advanced technology, and a highly skilled team of professionals firmly rooted in the United States of America.<\/p>\n<\/div><\/div>","protected":false},"excerpt":{"rendered":"<p>Vorausschauendes Denken von Grund auf SafeRack wurde von zwei Vertriebsmitarbeitern gegr\u00fcndet, die sich 2002 selbstst\u00e4ndig machten, weil sie der Meinung waren, dass sie es besser machen k\u00f6nnten. Das Unternehmen wurde im wahrsten Sinne des Wortes aus dem Nichts aufgebaut und hat sich unter der Muttergesellschaft zu einem nachhaltigen, integrierten Unternehmen mit innovativen, marktgerechten Markenl\u00f6sungen entwickelt, [&hellip;]<\/p>\n","protected":false},"author":1,"featured_media":518,"parent":0,"menu_order":0,"comment_status":"closed","ping_status":"closed","template":"","meta":{"footnotes":""},"class_list":["post-41","page","type-page","status-publish","has-post-thumbnail","hentry"],"yoast_head":"<!-- This site is optimized with the Yoast SEO plugin v27.5 - https:\/\/yoast.com\/product\/yoast-seo-wordpress\/ -->\n<title>\u00dcber Saferack - SafeRack<\/title>\n<meta name=\"robots\" content=\"index, follow, max-snippet:-1, max-image-preview:large, max-video-preview:-1\" \/>\n<link rel=\"canonical\" href=\"https:\/\/saferack.de\/en\/uber-saferack\/\" \/>\n<meta property=\"og:locale\" content=\"en_US\" \/>\n<meta property=\"og:type\" content=\"article\" \/>\n<meta property=\"og:title\" content=\"\u00dcber Saferack - SafeRack\" \/>\n<meta property=\"og:description\" content=\"Vorausschauendes Denken von Grund auf SafeRack wurde von zwei Vertriebsmitarbeitern gegr\u00fcndet, die sich 2002 selbstst\u00e4ndig machten, weil sie der Meinung waren, dass sie es besser machen k\u00f6nnten. Das Unternehmen wurde im wahrsten Sinne des Wortes aus dem Nichts aufgebaut und hat sich unter der Muttergesellschaft zu einem nachhaltigen, integrierten Unternehmen mit innovativen, marktgerechten Markenl\u00f6sungen entwickelt, [&hellip;]\" \/>\n<meta property=\"og:url\" content=\"https:\/\/saferack.de\/en\/uber-saferack\/\" \/>\n<meta property=\"og:site_name\" content=\"SafeRack\" \/>\n<meta property=\"article:modified_time\" content=\"2025-01-17T16:58:44+00:00\" \/>\n<meta name=\"twitter:card\" content=\"summary_large_image\" \/>\n<meta name=\"twitter:label1\" content=\"Est. reading time\" \/>\n\t<meta name=\"twitter:data1\" content=\"5 minutes\" \/>\n<script type=\"application\/ld+json\" class=\"yoast-schema-graph\">{\"@context\":\"https:\\\/\\\/schema.org\",\"@graph\":[{\"@type\":\"WebPage\",\"@id\":\"https:\\\/\\\/saferack.de\\\/uber-saferack\\\/\",\"url\":\"https:\\\/\\\/saferack.de\\\/uber-saferack\\\/\",\"name\":\"\u00dcber Saferack - SafeRack\",\"isPartOf\":{\"@id\":\"https:\\\/\\\/saferack.de\\\/#website\"},\"primaryImageOfPage\":{\"@id\":\"https:\\\/\\\/saferack.de\\\/uber-saferack\\\/#primaryimage\"},\"image\":{\"@id\":\"https:\\\/\\\/saferack.de\\\/uber-saferack\\\/#primaryimage\"},\"thumbnailUrl\":\"https:\\\/\\\/saferack.de\\\/wp-content\\\/uploads\\\/sites\\\/17\\\/2024\\\/12\\\/Sixaxis-facility-night-shot.avif\",\"datePublished\":\"2024-12-06T00:37:51+00:00\",\"dateModified\":\"2025-01-17T16:58:44+00:00\",\"breadcrumb\":{\"@id\":\"https:\\\/\\\/saferack.de\\\/uber-saferack\\\/#breadcrumb\"},\"inLanguage\":\"en-US\",\"potentialAction\":[{\"@type\":\"ReadAction\",\"target\":[\"https:\\\/\\\/saferack.de\\\/uber-saferack\\\/\"]}]},{\"@type\":\"ImageObject\",\"inLanguage\":\"en-US\",\"@id\":\"https:\\\/\\\/saferack.de\\\/uber-saferack\\\/#primaryimage\",\"url\":\"https:\\\/\\\/saferack.de\\\/wp-content\\\/uploads\\\/sites\\\/17\\\/2024\\\/12\\\/Sixaxis-facility-night-shot.avif\",\"contentUrl\":\"https:\\\/\\\/saferack.de\\\/wp-content\\\/uploads\\\/sites\\\/17\\\/2024\\\/12\\\/Sixaxis-facility-night-shot.avif\",\"width\":2000,\"height\":999},{\"@type\":\"BreadcrumbList\",\"@id\":\"https:\\\/\\\/saferack.de\\\/uber-saferack\\\/#breadcrumb\",\"itemListElement\":[{\"@type\":\"ListItem\",\"position\":1,\"name\":\"Home\",\"item\":\"https:\\\/\\\/saferack.de\\\/\"},{\"@type\":\"ListItem\",\"position\":2,\"name\":\"\u00dcber Saferack\"}]},{\"@type\":\"WebSite\",\"@id\":\"https:\\\/\\\/saferack.de\\\/#website\",\"url\":\"https:\\\/\\\/saferack.de\\\/\",\"name\":\"SafeRack\",\"description\":\"\",\"publisher\":{\"@id\":\"https:\\\/\\\/saferack.de\\\/#organization\"},\"potentialAction\":[{\"@type\":\"SearchAction\",\"target\":{\"@type\":\"EntryPoint\",\"urlTemplate\":\"https:\\\/\\\/saferack.de\\\/?s={search_term_string}\"},\"query-input\":{\"@type\":\"PropertyValueSpecification\",\"valueRequired\":true,\"valueName\":\"search_term_string\"}}],\"inLanguage\":\"en-US\"},{\"@type\":\"Organization\",\"@id\":\"https:\\\/\\\/saferack.de\\\/#organization\",\"name\":\"SafeRack\",\"url\":\"https:\\\/\\\/saferack.de\\\/\",\"logo\":{\"@type\":\"ImageObject\",\"inLanguage\":\"en-US\",\"@id\":\"https:\\\/\\\/saferack.de\\\/#\\\/schema\\\/logo\\\/image\\\/\",\"url\":\"https:\\\/\\\/saferack.de\\\/wp-content\\\/uploads\\\/sites\\\/17\\\/2024\\\/12\\\/SafeRack-hex-bug.png\",\"contentUrl\":\"https:\\\/\\\/saferack.de\\\/wp-content\\\/uploads\\\/sites\\\/17\\\/2024\\\/12\\\/SafeRack-hex-bug.png\",\"width\":112,\"height\":134,\"caption\":\"SafeRack\"},\"image\":{\"@id\":\"https:\\\/\\\/saferack.de\\\/#\\\/schema\\\/logo\\\/image\\\/\"}}]}<\/script>\n<!-- \/ Yoast SEO plugin. -->","yoast_head_json":{"title":"\u00dcber Saferack - SafeRack","robots":{"index":"index","follow":"follow","max-snippet":"max-snippet:-1","max-image-preview":"max-image-preview:large","max-video-preview":"max-video-preview:-1"},"canonical":"https:\/\/saferack.de\/en\/uber-saferack\/","og_locale":"en_US","og_type":"article","og_title":"\u00dcber Saferack - SafeRack","og_description":"Vorausschauendes Denken von Grund auf SafeRack wurde von zwei Vertriebsmitarbeitern gegr\u00fcndet, die sich 2002 selbstst\u00e4ndig machten, weil sie der Meinung waren, dass sie es besser machen k\u00f6nnten. Das Unternehmen wurde im wahrsten Sinne des Wortes aus dem Nichts aufgebaut und hat sich unter der Muttergesellschaft zu einem nachhaltigen, integrierten Unternehmen mit innovativen, marktgerechten Markenl\u00f6sungen entwickelt, [&hellip;]","og_url":"https:\/\/saferack.de\/en\/uber-saferack\/","og_site_name":"SafeRack","article_modified_time":"2025-01-17T16:58:44+00:00","twitter_card":"summary_large_image","twitter_misc":{"Est. reading time":"5 minutes"},"schema":{"@context":"https:\/\/schema.org","@graph":[{"@type":"WebPage","@id":"https:\/\/saferack.de\/uber-saferack\/","url":"https:\/\/saferack.de\/uber-saferack\/","name":"\u00dcber Saferack - SafeRack","isPartOf":{"@id":"https:\/\/saferack.de\/#website"},"primaryImageOfPage":{"@id":"https:\/\/saferack.de\/uber-saferack\/#primaryimage"},"image":{"@id":"https:\/\/saferack.de\/uber-saferack\/#primaryimage"},"thumbnailUrl":"https:\/\/saferack.de\/wp-content\/uploads\/sites\/17\/2024\/12\/Sixaxis-facility-night-shot.avif","datePublished":"2024-12-06T00:37:51+00:00","dateModified":"2025-01-17T16:58:44+00:00","breadcrumb":{"@id":"https:\/\/saferack.de\/uber-saferack\/#breadcrumb"},"inLanguage":"en-US","potentialAction":[{"@type":"ReadAction","target":["https:\/\/saferack.de\/uber-saferack\/"]}]},{"@type":"ImageObject","inLanguage":"en-US","@id":"https:\/\/saferack.de\/uber-saferack\/#primaryimage","url":"https:\/\/saferack.de\/wp-content\/uploads\/sites\/17\/2024\/12\/Sixaxis-facility-night-shot.avif","contentUrl":"https:\/\/saferack.de\/wp-content\/uploads\/sites\/17\/2024\/12\/Sixaxis-facility-night-shot.avif","width":2000,"height":999},{"@type":"BreadcrumbList","@id":"https:\/\/saferack.de\/uber-saferack\/#breadcrumb","itemListElement":[{"@type":"ListItem","position":1,"name":"Home","item":"https:\/\/saferack.de\/"},{"@type":"ListItem","position":2,"name":"\u00dcber Saferack"}]},{"@type":"WebSite","@id":"https:\/\/saferack.de\/#website","url":"https:\/\/saferack.de\/","name":"SafeRack","description":"","publisher":{"@id":"https:\/\/saferack.de\/#organization"},"potentialAction":[{"@type":"SearchAction","target":{"@type":"EntryPoint","urlTemplate":"https:\/\/saferack.de\/?s={search_term_string}"},"query-input":{"@type":"PropertyValueSpecification","valueRequired":true,"valueName":"search_term_string"}}],"inLanguage":"en-US"},{"@type":"Organization","@id":"https:\/\/saferack.de\/#organization","name":"SafeRack","url":"https:\/\/saferack.de\/","logo":{"@type":"ImageObject","inLanguage":"en-US","@id":"https:\/\/saferack.de\/#\/schema\/logo\/image\/","url":"https:\/\/saferack.de\/wp-content\/uploads\/sites\/17\/2024\/12\/SafeRack-hex-bug.png","contentUrl":"https:\/\/saferack.de\/wp-content\/uploads\/sites\/17\/2024\/12\/SafeRack-hex-bug.png","width":112,"height":134,"caption":"SafeRack"},"image":{"@id":"https:\/\/saferack.de\/#\/schema\/logo\/image\/"}}]}},"_links":{"self":[{"href":"https:\/\/saferack.de\/en\/wp-json\/wp\/v2\/pages\/41","targetHints":{"allow":["GET"]}}],"collection":[{"href":"https:\/\/saferack.de\/en\/wp-json\/wp\/v2\/pages"}],"about":[{"href":"https:\/\/saferack.de\/en\/wp-json\/wp\/v2\/types\/page"}],"author":[{"embeddable":true,"href":"https:\/\/saferack.de\/en\/wp-json\/wp\/v2\/users\/1"}],"replies":[{"embeddable":true,"href":"https:\/\/saferack.de\/en\/wp-json\/wp\/v2\/comments?post=41"}],"version-history":[{"count":25,"href":"https:\/\/saferack.de\/en\/wp-json\/wp\/v2\/pages\/41\/revisions"}],"predecessor-version":[{"id":1857,"href":"https:\/\/saferack.de\/en\/wp-json\/wp\/v2\/pages\/41\/revisions\/1857"}],"wp:featuredmedia":[{"embeddable":true,"href":"https:\/\/saferack.de\/en\/wp-json\/wp\/v2\/media\/518"}],"wp:attachment":[{"href":"https:\/\/saferack.de\/en\/wp-json\/wp\/v2\/media?parent=41"}],"curies":[{"name":"wp","href":"https:\/\/api.w.org\/{rel}","templated":true}]}}