{"id":224,"date":"2024-12-06T22:07:43","date_gmt":"2024-12-06T22:07:43","guid":{"rendered":"https:\/\/saferack.de\/?page_id=224"},"modified":"2025-01-17T15:15:22","modified_gmt":"2025-01-17T15:15:22","slug":"maxrack-elevating-safety-cage","status":"publish","type":"page","link":"https:\/\/saferack.de\/en\/maxrack-elevating-safety-cage\/","title":{"rendered":"MaxRack Elevating Safety Cage"},"content":{"rendered":"<div class=\"wp-block-media-text is-stacked-on-mobile is-vertically-aligned-top is-image-fill-element\" style=\"margin-top:var(--wp--preset--spacing--medium)\"><figure class=\"wp-block-media-text__media\"><img loading=\"lazy\" decoding=\"async\" width=\"1024\" height=\"652\" src=\"https:\/\/saferack.de\/wp-content\/uploads\/sites\/17\/2024\/12\/maxrack-truck-loading-1024x652.webp\" alt=\"\" class=\"wp-image-982 size-full\" style=\"object-position:50% 50%\" srcset=\"https:\/\/saferack.de\/wp-content\/uploads\/sites\/17\/2024\/12\/maxrack-truck-loading-1024x652.webp 1024w, https:\/\/saferack.de\/wp-content\/uploads\/sites\/17\/2024\/12\/maxrack-truck-loading-300x191.webp 300w, https:\/\/saferack.de\/wp-content\/uploads\/sites\/17\/2024\/12\/maxrack-truck-loading-768x489.webp 768w, https:\/\/saferack.de\/wp-content\/uploads\/sites\/17\/2024\/12\/maxrack-truck-loading-1536x978.webp 1536w, https:\/\/saferack.de\/wp-content\/uploads\/sites\/17\/2024\/12\/maxrack-truck-loading-2048x1304.webp 2048w, https:\/\/saferack.de\/wp-content\/uploads\/sites\/17\/2024\/12\/maxrack-truck-loading-18x12.webp 18w\" sizes=\"auto, (max-width: 1024px) 100vw, 1024px\" \/><\/figure><div class=\"wp-block-media-text__content\">\n<figure class=\"wp-block-image size-large is-resized\" style=\"margin-top:0;margin-bottom:0\"><img loading=\"lazy\" decoding=\"async\" width=\"357\" height=\"58\" src=\"https:\/\/saferack.de\/wp-content\/uploads\/sites\/17\/2024\/12\/MaxRack-Logo.svg\" alt=\"\" class=\"wp-image-443\" style=\"width:233px;height:auto\"\/><\/figure>\n\n\n\n<p>Our MaxRack-powered elevating handrail system is designed for railcars and trucks. It\u2019s the only elevating safety cage on the market that can be raised and lowered manually if your facility loses power or plant air. The unique counterbalanced cage design, coupled with our exclusive dual input gearbox, enables smooth operation and the operator\u2019s ability to raise and lower the cage easily in the event of a power loss.<\/p>\n\n\n\n<ul class=\"wp-block-list checks\">\n<li><strong><strong>Lots of configuration options to suit the most demanding or challenging applications<\/strong><\/strong><\/li>\n\n\n\n<li><strong><strong>Unique counterweighted design is smaller, with less expensive drive components<\/strong><\/strong><\/li>\n\n\n\n<li><strong><strong>Powered Raise and Lower with a push of the button.  Manual override or raise\/lower in case of power or air pressure loss<\/strong><\/strong><\/li>\n\n\n\n<li><strong><strong>Off-the-shelf replacement parts reduce downtime quickly and easily<\/strong><\/strong><\/li>\n<\/ul>\n\n\n\n<p class=\"has-text-align-center has-x-small-font-size\">MAXRack is built rock-solid with galvanized steel column supports and lifting arms and with a safety cage available in aluminum, stainless, or galvanized steel, and powder coated.<\/p>\n<\/div><\/div>\n\n\n\n<div class=\"wp-block-media-text has-media-on-the-right is-stacked-on-mobile is-vertically-aligned-top\"><div class=\"wp-block-media-text__content\">\n<p class=\"has-text-align-center\">MAXRack elevating safety cage for both truck and railcar applications.<\/p>\n\n\n\n<div class=\"wp-block-columns is-layout-flex wp-container-core-columns-is-layout-28f84493 wp-block-columns-is-layout-flex\">\n<div class=\"wp-block-column is-layout-flow wp-block-column-is-layout-flow\">\n<figure class=\"wp-block-image aligncenter size-full is-resized\"><img loading=\"lazy\" decoding=\"async\" width=\"204\" height=\"217\" src=\"https:\/\/saferack.de\/wp-content\/uploads\/sites\/17\/2024\/12\/Truck-front-image.png\" alt=\"\" class=\"wp-image-1022\" style=\"width:auto;height:100px\" srcset=\"https:\/\/saferack.de\/wp-content\/uploads\/sites\/17\/2024\/12\/Truck-front-image.png 204w, https:\/\/saferack.de\/wp-content\/uploads\/sites\/17\/2024\/12\/Truck-front-image-11x12.png 11w\" sizes=\"auto, (max-width: 204px) 100vw, 204px\" \/><\/figure>\n\n\n\n<p class=\"has-text-align-center\"><strong><strong>TRUCK<\/strong><\/strong><br>4\u2032 to 6\u2032 wide x 15\u2032 to 33\u2032 long<\/p>\n<\/div>\n\n\n\n<div class=\"wp-block-column is-layout-flow wp-block-column-is-layout-flow\">\n<figure class=\"wp-block-image aligncenter size-full is-resized\"><img loading=\"lazy\" decoding=\"async\" width=\"183\" height=\"290\" src=\"https:\/\/saferack.de\/wp-content\/uploads\/sites\/17\/2024\/12\/Railcar-back-image.webp\" alt=\"\" class=\"wp-image-1023\" style=\"width:auto;height:100px\" srcset=\"https:\/\/saferack.de\/wp-content\/uploads\/sites\/17\/2024\/12\/Railcar-back-image.webp 183w, https:\/\/saferack.de\/wp-content\/uploads\/sites\/17\/2024\/12\/Railcar-back-image-8x12.webp 8w\" sizes=\"auto, (max-width: 183px) 100vw, 183px\" \/><\/figure>\n\n\n\n<p class=\"has-text-align-center\"><strong><strong>RAILCAR<\/strong><\/strong><br>6\u2032 to 10\u2032 wide x 15\u2032 to 33\u2032 long<\/p>\n<\/div>\n<\/div>\n\n\n\n<figure class=\"wp-block-vimeo-create vimeo-create__video-container\"><div style=\"width:100%\"><iframe class=\"vimeo-core-video\" loading=\"lazy\" src=\"https:\/\/player.vimeo.com\/video\/1037902583?autopause=true&amp;autoplay=true&amp;background=true&amp;byline=true&amp;controls=false&amp;dnt=true&amp;loop=true&amp;muted=true&amp;pip=false&amp;playsinline=true&amp;portrait=true&amp;responsive=true&amp;speed=false&amp;title=true&amp;transparent=false\" width=\"1920\" height=\"1080\" frameborder=\"0\" allowfullscreen title=\"MaxRack in-use\" style=\"max-width:100%;width:100%;height:100%;aspect-ratio:1920 \/ 1080\"><\/iframe><\/div><\/figure>\n<\/div><figure class=\"wp-block-media-text__media\"><img loading=\"lazy\" decoding=\"async\" width=\"524\" height=\"517\" src=\"https:\/\/saferack.de\/wp-content\/uploads\/sites\/17\/2024\/12\/MAXRack-elevating-safety-cage.jpg\" alt=\"\" class=\"wp-image-434 size-full\" srcset=\"https:\/\/saferack.de\/wp-content\/uploads\/sites\/17\/2024\/12\/MAXRack-elevating-safety-cage.jpg 524w, https:\/\/saferack.de\/wp-content\/uploads\/sites\/17\/2024\/12\/MAXRack-elevating-safety-cage-300x296.jpg 300w\" sizes=\"auto, (max-width: 524px) 100vw, 524px\" \/><\/figure><\/div>\n\n\n\n<div class=\"wp-block-group alignfull has-base-color has-custom-gray-background-color has-text-color has-background has-link-color wp-elements-0253eac0d00d3879c8e8ea85e4196ea4 has-global-padding is-layout-constrained wp-block-group-is-layout-constrained\" style=\"margin-top:0;margin-bottom:0\">\n<div class=\"wp-block-media-text has-media-on-the-right is-stacked-on-mobile is-vertically-aligned-top is-image-fill-element\"><div class=\"wp-block-media-text__content\">\n<h3 class=\"wp-block-heading\">Two Power Options Available<\/h3>\n\n\n\n<p>The MAXRack Elevating Safety Cage can be raised or lowered using an easy push-button control box.<\/p>\n\n\n\n<ul class=\"wp-block-list checks\">\n<li><strong><strong>Pneumatic drive<\/strong><\/strong><\/li>\n\n\n\n<li><strong>Electric Drive<\/strong><br>(Single and 3-phase with optional explosion-proof electric motors)<\/li>\n<\/ul>\n\n\n\n<p class=\"has-x-small-font-size\"><strong>Emergency Manual Override<\/strong>\u00a0in the event of power or plant air loss, achieved via a manual hand wheel. Upper and lower limit switches to stop cage in the working and stored position<br><\/p>\n\n\n\n<figure class=\"wp-block-image size-full\"><img loading=\"lazy\" decoding=\"async\" width=\"1015\" height=\"637\" src=\"https:\/\/saferack.de\/wp-content\/uploads\/sites\/17\/2024\/12\/maxrack-multi-hatch-safety-cage.jpg\" alt=\"\" class=\"wp-image-435\" srcset=\"https:\/\/saferack.de\/wp-content\/uploads\/sites\/17\/2024\/12\/maxrack-multi-hatch-safety-cage.jpg 1015w, https:\/\/saferack.de\/wp-content\/uploads\/sites\/17\/2024\/12\/maxrack-multi-hatch-safety-cage-300x188.jpg 300w, https:\/\/saferack.de\/wp-content\/uploads\/sites\/17\/2024\/12\/maxrack-multi-hatch-safety-cage-768x482.jpg 768w\" sizes=\"auto, (max-width: 1015px) 100vw, 1015px\" \/><\/figure>\n<\/div><figure class=\"wp-block-media-text__media\"><img loading=\"lazy\" decoding=\"async\" width=\"1024\" height=\"942\" src=\"https:\/\/saferack.de\/wp-content\/uploads\/sites\/17\/2024\/12\/MaxRack-Elevating-Loading-Safty-Cage-Platform-1024x942.png\" alt=\"\" class=\"wp-image-433 size-full\" style=\"object-position:50% 50%\" srcset=\"https:\/\/saferack.de\/wp-content\/uploads\/sites\/17\/2024\/12\/MaxRack-Elevating-Loading-Safty-Cage-Platform-1024x942.png 1024w, https:\/\/saferack.de\/wp-content\/uploads\/sites\/17\/2024\/12\/MaxRack-Elevating-Loading-Safty-Cage-Platform-300x276.png 300w, https:\/\/saferack.de\/wp-content\/uploads\/sites\/17\/2024\/12\/MaxRack-Elevating-Loading-Safty-Cage-Platform-768x706.png 768w, https:\/\/saferack.de\/wp-content\/uploads\/sites\/17\/2024\/12\/MaxRack-Elevating-Loading-Safty-Cage-Platform.png 1254w\" sizes=\"auto, (max-width: 1024px) 100vw, 1024px\" \/><\/figure><\/div>\n<\/div>","protected":false},"excerpt":{"rendered":"<p>Two power options available The MAXRack safety cage can be raised or lowered with a simple push-button control. Manual emergency override in the event of power or air loss in the system via a manual handwheel. Upper and lower limit switches to stop the cage in the working and storage positions<\/p>","protected":false},"author":1,"featured_media":985,"parent":0,"menu_order":0,"comment_status":"closed","ping_status":"closed","template":"","meta":{"footnotes":""},"class_list":["post-224","page","type-page","status-publish","has-post-thumbnail","hentry"],"yoast_head":"<!-- This site is optimized with the Yoast SEO plugin v27.5 - https:\/\/yoast.com\/product\/yoast-seo-wordpress\/ -->\n<title>MaxRack Hubsteigerk\u00e4fig - SafeRack<\/title>\n<meta name=\"robots\" content=\"index, follow, max-snippet:-1, max-image-preview:large, max-video-preview:-1\" \/>\n<link rel=\"canonical\" href=\"https:\/\/saferack.de\/en\/maxrack-elevating-safety-cage\/\" \/>\n<meta property=\"og:locale\" content=\"en_US\" \/>\n<meta property=\"og:type\" content=\"article\" \/>\n<meta property=\"og:title\" content=\"MaxRack Hubsteigerk\u00e4fig - SafeRack\" \/>\n<meta property=\"og:description\" content=\"Zwei Leistungsoptionen verf\u00fcgbar Der MAXRack-Sicherheitsk\u00e4fig kann mit einer einfachen Druckknopfsteuerung angehoben oder abgesenkt werden. Manuelle Not\u00fcberbr\u00fcckung\u00a0bei Strom- oder Luftverlust in der Anlage \u00fcber ein manuelles Handrad. Obere und untere Endschalter zum Anhalten des Fahrkorbs in der Arbeits- und der Lagerposition\" \/>\n<meta property=\"og:url\" content=\"https:\/\/saferack.de\/en\/maxrack-elevating-safety-cage\/\" \/>\n<meta property=\"og:site_name\" content=\"SafeRack\" \/>\n<meta property=\"article:modified_time\" content=\"2025-01-17T15:15:22+00:00\" \/>\n<meta property=\"og:image\" content=\"https:\/\/saferack.de\/wp-content\/uploads\/sites\/17\/2024\/12\/maxrack-banner.webp\" \/>\n\t<meta property=\"og:image:width\" content=\"2560\" \/>\n\t<meta property=\"og:image:height\" content=\"610\" \/>\n\t<meta property=\"og:image:type\" content=\"image\/webp\" \/>\n<meta name=\"twitter:card\" content=\"summary_large_image\" \/>\n<meta name=\"twitter:label1\" content=\"Est. reading time\" \/>\n\t<meta name=\"twitter:data1\" content=\"3 minutes\" \/>\n<script type=\"application\/ld+json\" class=\"yoast-schema-graph\">{\"@context\":\"https:\\\/\\\/schema.org\",\"@graph\":[{\"@type\":\"WebPage\",\"@id\":\"https:\\\/\\\/saferack.de\\\/maxrack-elevating-safety-cage\\\/\",\"url\":\"https:\\\/\\\/saferack.de\\\/maxrack-elevating-safety-cage\\\/\",\"name\":\"MaxRack Hubsteigerk\u00e4fig - SafeRack\",\"isPartOf\":{\"@id\":\"https:\\\/\\\/saferack.de\\\/#website\"},\"primaryImageOfPage\":{\"@id\":\"https:\\\/\\\/saferack.de\\\/maxrack-elevating-safety-cage\\\/#primaryimage\"},\"image\":{\"@id\":\"https:\\\/\\\/saferack.de\\\/maxrack-elevating-safety-cage\\\/#primaryimage\"},\"thumbnailUrl\":\"https:\\\/\\\/saferack.de\\\/wp-content\\\/uploads\\\/sites\\\/17\\\/2024\\\/12\\\/maxrack-banner.webp\",\"datePublished\":\"2024-12-06T22:07:43+00:00\",\"dateModified\":\"2025-01-17T15:15:22+00:00\",\"breadcrumb\":{\"@id\":\"https:\\\/\\\/saferack.de\\\/maxrack-elevating-safety-cage\\\/#breadcrumb\"},\"inLanguage\":\"en-US\",\"potentialAction\":[{\"@type\":\"ReadAction\",\"target\":[\"https:\\\/\\\/saferack.de\\\/maxrack-elevating-safety-cage\\\/\"]}]},{\"@type\":\"ImageObject\",\"inLanguage\":\"en-US\",\"@id\":\"https:\\\/\\\/saferack.de\\\/maxrack-elevating-safety-cage\\\/#primaryimage\",\"url\":\"https:\\\/\\\/saferack.de\\\/wp-content\\\/uploads\\\/sites\\\/17\\\/2024\\\/12\\\/maxrack-banner.webp\",\"contentUrl\":\"https:\\\/\\\/saferack.de\\\/wp-content\\\/uploads\\\/sites\\\/17\\\/2024\\\/12\\\/maxrack-banner.webp\",\"width\":2560,\"height\":610},{\"@type\":\"BreadcrumbList\",\"@id\":\"https:\\\/\\\/saferack.de\\\/maxrack-elevating-safety-cage\\\/#breadcrumb\",\"itemListElement\":[{\"@type\":\"ListItem\",\"position\":1,\"name\":\"Home\",\"item\":\"https:\\\/\\\/saferack.de\\\/\"},{\"@type\":\"ListItem\",\"position\":2,\"name\":\"MaxRack Hubsteigerk\u00e4fig\"}]},{\"@type\":\"WebSite\",\"@id\":\"https:\\\/\\\/saferack.de\\\/#website\",\"url\":\"https:\\\/\\\/saferack.de\\\/\",\"name\":\"SafeRack\",\"description\":\"\",\"publisher\":{\"@id\":\"https:\\\/\\\/saferack.de\\\/#organization\"},\"potentialAction\":[{\"@type\":\"SearchAction\",\"target\":{\"@type\":\"EntryPoint\",\"urlTemplate\":\"https:\\\/\\\/saferack.de\\\/?s={search_term_string}\"},\"query-input\":{\"@type\":\"PropertyValueSpecification\",\"valueRequired\":true,\"valueName\":\"search_term_string\"}}],\"inLanguage\":\"en-US\"},{\"@type\":\"Organization\",\"@id\":\"https:\\\/\\\/saferack.de\\\/#organization\",\"name\":\"SafeRack\",\"url\":\"https:\\\/\\\/saferack.de\\\/\",\"logo\":{\"@type\":\"ImageObject\",\"inLanguage\":\"en-US\",\"@id\":\"https:\\\/\\\/saferack.de\\\/#\\\/schema\\\/logo\\\/image\\\/\",\"url\":\"https:\\\/\\\/saferack.de\\\/wp-content\\\/uploads\\\/sites\\\/17\\\/2024\\\/12\\\/SafeRack-hex-bug.png\",\"contentUrl\":\"https:\\\/\\\/saferack.de\\\/wp-content\\\/uploads\\\/sites\\\/17\\\/2024\\\/12\\\/SafeRack-hex-bug.png\",\"width\":112,\"height\":134,\"caption\":\"SafeRack\"},\"image\":{\"@id\":\"https:\\\/\\\/saferack.de\\\/#\\\/schema\\\/logo\\\/image\\\/\"}}]}<\/script>\n<!-- \/ Yoast SEO plugin. -->","yoast_head_json":{"title":"MaxRack Hubsteigerk\u00e4fig - SafeRack","robots":{"index":"index","follow":"follow","max-snippet":"max-snippet:-1","max-image-preview":"max-image-preview:large","max-video-preview":"max-video-preview:-1"},"canonical":"https:\/\/saferack.de\/en\/maxrack-elevating-safety-cage\/","og_locale":"en_US","og_type":"article","og_title":"MaxRack Hubsteigerk\u00e4fig - SafeRack","og_description":"Zwei Leistungsoptionen verf\u00fcgbar Der MAXRack-Sicherheitsk\u00e4fig kann mit einer einfachen Druckknopfsteuerung angehoben oder abgesenkt werden. Manuelle Not\u00fcberbr\u00fcckung\u00a0bei Strom- oder Luftverlust in der Anlage \u00fcber ein manuelles Handrad. Obere und untere Endschalter zum Anhalten des Fahrkorbs in der Arbeits- und der Lagerposition","og_url":"https:\/\/saferack.de\/en\/maxrack-elevating-safety-cage\/","og_site_name":"SafeRack","article_modified_time":"2025-01-17T15:15:22+00:00","og_image":[{"width":2560,"height":610,"url":"https:\/\/saferack.de\/wp-content\/uploads\/sites\/17\/2024\/12\/maxrack-banner.webp","type":"image\/webp"}],"twitter_card":"summary_large_image","twitter_misc":{"Est. reading time":"3 minutes"},"schema":{"@context":"https:\/\/schema.org","@graph":[{"@type":"WebPage","@id":"https:\/\/saferack.de\/maxrack-elevating-safety-cage\/","url":"https:\/\/saferack.de\/maxrack-elevating-safety-cage\/","name":"MaxRack Hubsteigerk\u00e4fig - SafeRack","isPartOf":{"@id":"https:\/\/saferack.de\/#website"},"primaryImageOfPage":{"@id":"https:\/\/saferack.de\/maxrack-elevating-safety-cage\/#primaryimage"},"image":{"@id":"https:\/\/saferack.de\/maxrack-elevating-safety-cage\/#primaryimage"},"thumbnailUrl":"https:\/\/saferack.de\/wp-content\/uploads\/sites\/17\/2024\/12\/maxrack-banner.webp","datePublished":"2024-12-06T22:07:43+00:00","dateModified":"2025-01-17T15:15:22+00:00","breadcrumb":{"@id":"https:\/\/saferack.de\/maxrack-elevating-safety-cage\/#breadcrumb"},"inLanguage":"en-US","potentialAction":[{"@type":"ReadAction","target":["https:\/\/saferack.de\/maxrack-elevating-safety-cage\/"]}]},{"@type":"ImageObject","inLanguage":"en-US","@id":"https:\/\/saferack.de\/maxrack-elevating-safety-cage\/#primaryimage","url":"https:\/\/saferack.de\/wp-content\/uploads\/sites\/17\/2024\/12\/maxrack-banner.webp","contentUrl":"https:\/\/saferack.de\/wp-content\/uploads\/sites\/17\/2024\/12\/maxrack-banner.webp","width":2560,"height":610},{"@type":"BreadcrumbList","@id":"https:\/\/saferack.de\/maxrack-elevating-safety-cage\/#breadcrumb","itemListElement":[{"@type":"ListItem","position":1,"name":"Home","item":"https:\/\/saferack.de\/"},{"@type":"ListItem","position":2,"name":"MaxRack Hubsteigerk\u00e4fig"}]},{"@type":"WebSite","@id":"https:\/\/saferack.de\/#website","url":"https:\/\/saferack.de\/","name":"SafeRack","description":"","publisher":{"@id":"https:\/\/saferack.de\/#organization"},"potentialAction":[{"@type":"SearchAction","target":{"@type":"EntryPoint","urlTemplate":"https:\/\/saferack.de\/?s={search_term_string}"},"query-input":{"@type":"PropertyValueSpecification","valueRequired":true,"valueName":"search_term_string"}}],"inLanguage":"en-US"},{"@type":"Organization","@id":"https:\/\/saferack.de\/#organization","name":"SafeRack","url":"https:\/\/saferack.de\/","logo":{"@type":"ImageObject","inLanguage":"en-US","@id":"https:\/\/saferack.de\/#\/schema\/logo\/image\/","url":"https:\/\/saferack.de\/wp-content\/uploads\/sites\/17\/2024\/12\/SafeRack-hex-bug.png","contentUrl":"https:\/\/saferack.de\/wp-content\/uploads\/sites\/17\/2024\/12\/SafeRack-hex-bug.png","width":112,"height":134,"caption":"SafeRack"},"image":{"@id":"https:\/\/saferack.de\/#\/schema\/logo\/image\/"}}]}},"_links":{"self":[{"href":"https:\/\/saferack.de\/en\/wp-json\/wp\/v2\/pages\/224","targetHints":{"allow":["GET"]}}],"collection":[{"href":"https:\/\/saferack.de\/en\/wp-json\/wp\/v2\/pages"}],"about":[{"href":"https:\/\/saferack.de\/en\/wp-json\/wp\/v2\/types\/page"}],"author":[{"embeddable":true,"href":"https:\/\/saferack.de\/en\/wp-json\/wp\/v2\/users\/1"}],"replies":[{"embeddable":true,"href":"https:\/\/saferack.de\/en\/wp-json\/wp\/v2\/comments?post=224"}],"version-history":[{"count":50,"href":"https:\/\/saferack.de\/en\/wp-json\/wp\/v2\/pages\/224\/revisions"}],"predecessor-version":[{"id":1831,"href":"https:\/\/saferack.de\/en\/wp-json\/wp\/v2\/pages\/224\/revisions\/1831"}],"wp:featuredmedia":[{"embeddable":true,"href":"https:\/\/saferack.de\/en\/wp-json\/wp\/v2\/media\/985"}],"wp:attachment":[{"href":"https:\/\/saferack.de\/en\/wp-json\/wp\/v2\/media?parent=224"}],"curies":[{"name":"wp","href":"https:\/\/api.w.org\/{rel}","templated":true}]}}