{"id":224,"date":"2024-12-06T22:07:43","date_gmt":"2024-12-06T22:07:43","guid":{"rendered":"https:\/\/saferack.de\/?page_id=224"},"modified":"2025-01-17T15:15:22","modified_gmt":"2025-01-17T15:15:22","slug":"maxrack-elevating-safety-cage","status":"publish","type":"page","link":"https:\/\/saferack.de\/cs\/maxrack-elevating-safety-cage\/","title":{"rendered":"Klec zvedac\u00ed plo\u0161iny MaxRack"},"content":{"rendered":"<div class=\"wp-block-media-text is-stacked-on-mobile is-vertically-aligned-top is-image-fill-element\" style=\"margin-top:var(--wp--preset--spacing--medium)\"><figure class=\"wp-block-media-text__media\"><img loading=\"lazy\" decoding=\"async\" width=\"1024\" height=\"652\" src=\"https:\/\/saferack.de\/wp-content\/uploads\/sites\/17\/2024\/12\/maxrack-truck-loading-1024x652.webp\" alt=\"\" class=\"wp-image-982 size-full\" style=\"object-position:50% 50%\" srcset=\"https:\/\/saferack.de\/wp-content\/uploads\/sites\/17\/2024\/12\/maxrack-truck-loading-1024x652.webp 1024w, https:\/\/saferack.de\/wp-content\/uploads\/sites\/17\/2024\/12\/maxrack-truck-loading-300x191.webp 300w, https:\/\/saferack.de\/wp-content\/uploads\/sites\/17\/2024\/12\/maxrack-truck-loading-768x489.webp 768w, https:\/\/saferack.de\/wp-content\/uploads\/sites\/17\/2024\/12\/maxrack-truck-loading-1536x978.webp 1536w, https:\/\/saferack.de\/wp-content\/uploads\/sites\/17\/2024\/12\/maxrack-truck-loading-2048x1304.webp 2048w, https:\/\/saferack.de\/wp-content\/uploads\/sites\/17\/2024\/12\/maxrack-truck-loading-18x12.webp 18w\" sizes=\"auto, (max-width: 1024px) 100vw, 1024px\" \/><\/figure><div class=\"wp-block-media-text__content\">\n<figure class=\"wp-block-image size-large is-resized\" style=\"margin-top:0;margin-bottom:0\"><img loading=\"lazy\" decoding=\"async\" width=\"357\" height=\"58\" src=\"https:\/\/saferack.de\/wp-content\/uploads\/sites\/17\/2024\/12\/MaxRack-Logo.svg\" alt=\"\" class=\"wp-image-443\" style=\"width:233px;height:auto\"\/><\/figure>\n\n\n\n<p>N\u00e1\u0161 syst\u00e9m z\u00e1bradl\u00ed MaxRack s pohonem je ur\u010den pro \u017eelezni\u010dn\u00ed vagony a n\u00e1kladn\u00ed automobily. Jedn\u00e1 se o jedinou bezpe\u010dnostn\u00ed zvedac\u00ed klec na trhu, kterou lze ru\u010dn\u011b zvedat a spou\u0161t\u011bt, pokud va\u0161e za\u0159\u00edzen\u00ed ztrat\u00ed energii nebo vzduch. Jedine\u010dn\u00e1 konstrukce klece s protiz\u00e1va\u017e\u00edm ve spojen\u00ed s na\u0161\u00ed exkluzivn\u00ed p\u0159evodovkou se dv\u011bma vstupy umo\u017e\u0148uje plynul\u00fd provoz a mo\u017enost obsluhy snadno zvedat a spou\u0161t\u011bt klec v p\u0159\u00edpad\u011b v\u00fdpadku nap\u00e1jen\u00ed.<\/p>\n\n\n\n<ul class=\"wp-block-list checks\">\n<li><strong><strong>\u010cetn\u00e9 mo\u017enosti konfigurace pro nejn\u00e1ro\u010dn\u011bj\u0161\u00ed nebo nejslo\u017eit\u011bj\u0161\u00ed aplikace<\/strong><\/strong><\/li>\n\n\n\n<li><strong><strong>Jedine\u010dn\u00e1 konstrukce protiz\u00e1va\u017e\u00ed je men\u0161\u00ed, s levn\u011bj\u0161\u00edmi komponenty pohonu.<\/strong><\/strong><\/li>\n\n\n\n<li><strong><strong>Elektrick\u00e9 zved\u00e1n\u00ed a spou\u0161t\u011bn\u00ed stisknut\u00edm tla\u010d\u00edtka. Ru\u010dn\u00ed ovl\u00e1d\u00e1n\u00ed nebo zved\u00e1n\u00ed\/spou\u0161t\u011bn\u00ed v p\u0159\u00edpad\u011b ztr\u00e1ty nap\u00e1jen\u00ed nebo tlaku vzduchu.<\/strong><\/strong><\/li>\n\n\n\n<li><strong><strong>Standardn\u00ed n\u00e1hradn\u00ed d\u00edly rychle a snadno zkracuj\u00ed prostoje<\/strong><\/strong><\/li>\n<\/ul>\n\n\n\n<p class=\"has-text-align-center has-x-small-font-size\">Reg\u00e1l MAXRack je zkonstruov\u00e1n tak, aby byl pevn\u00fd jako sk\u00e1la, s pozinkovan\u00fdmi ocelov\u00fdmi podp\u011brami sloup\u016f a zvedac\u00edmi rameny a bezpe\u010dnostn\u00ed klec\u00ed, kter\u00e1 je k dispozici z hlin\u00edku, nerezov\u00e9 oceli nebo pozinkovan\u00e9 oceli s pr\u00e1\u0161kov\u00fdm n\u00e1st\u0159ikem.<\/p>\n<\/div><\/div>\n\n\n\n<div class=\"wp-block-media-text has-media-on-the-right is-stacked-on-mobile is-vertically-aligned-top\"><div class=\"wp-block-media-text__content\">\n<p class=\"has-text-align-center\">P\u0159\u00edstupov\u00e1 plo\u0161ina MAXRack pro n\u00e1kladn\u00ed a kolejov\u00e1 vozidla.<\/p>\n\n\n\n<div class=\"wp-block-columns is-layout-flex wp-container-core-columns-is-layout-28f84493 wp-block-columns-is-layout-flex\">\n<div class=\"wp-block-column is-layout-flow wp-block-column-is-layout-flow\">\n<figure class=\"wp-block-image aligncenter size-full is-resized\"><img loading=\"lazy\" decoding=\"async\" width=\"204\" height=\"217\" src=\"https:\/\/saferack.de\/wp-content\/uploads\/sites\/17\/2024\/12\/Truck-front-image.png\" alt=\"\" class=\"wp-image-1022\" style=\"width:auto;height:100px\" srcset=\"https:\/\/saferack.de\/wp-content\/uploads\/sites\/17\/2024\/12\/Truck-front-image.png 204w, https:\/\/saferack.de\/wp-content\/uploads\/sites\/17\/2024\/12\/Truck-front-image-11x12.png 11w\" sizes=\"auto, (max-width: 204px) 100vw, 204px\" \/><\/figure>\n\n\n\n<p class=\"has-text-align-center\"><strong><strong>LORRIES<\/strong><\/strong><br>4' a\u017e 6' \u0161\u00ed\u0159ka x 15' a\u017e 33' d\u00e9lka<\/p>\n<\/div>\n\n\n\n<div class=\"wp-block-column is-layout-flow wp-block-column-is-layout-flow\">\n<figure class=\"wp-block-image aligncenter size-full is-resized\"><img loading=\"lazy\" decoding=\"async\" width=\"183\" height=\"290\" src=\"https:\/\/saferack.de\/wp-content\/uploads\/sites\/17\/2024\/12\/Railcar-back-image.webp\" alt=\"\" class=\"wp-image-1023\" style=\"width:auto;height:100px\" srcset=\"https:\/\/saferack.de\/wp-content\/uploads\/sites\/17\/2024\/12\/Railcar-back-image.webp 183w, https:\/\/saferack.de\/wp-content\/uploads\/sites\/17\/2024\/12\/Railcar-back-image-8x12.webp 8w\" sizes=\"auto, (max-width: 183px) 100vw, 183px\" \/><\/figure>\n\n\n\n<p class=\"has-text-align-center\"><strong><strong>\u017dELEZNICE<\/strong><\/strong><br>6' a\u017e 10' \u0161\u00ed\u0159ka x 15' a\u017e 33' d\u00e9lka<\/p>\n<\/div>\n<\/div>\n\n\n\n<figure class=\"wp-block-vimeo-create vimeo-create__video-container\"><div style=\"width:100%\"><iframe class=\"vimeo-core-video\" loading=\"lazy\" src=\"https:\/\/player.vimeo.com\/video\/1037902583?autopause=true&amp;autoplay=true&amp;background=true&amp;byline=true&amp;controls=false&amp;dnt=true&amp;loop=true&amp;muted=true&amp;pip=false&amp;playsinline=true&amp;portrait=true&amp;responsive=true&amp;speed=false&amp;title=true&amp;transparent=false\" width=\"1920\" height=\"1080\" frameborder=\"0\" allowfullscreen title=\"MaxRack v provozu\" style=\"max-width:100%;width:100%;height:100%;aspect-ratio:1920 \/ 1080\"><\/iframe><\/div><\/figure>\n<\/div><figure class=\"wp-block-media-text__media\"><img loading=\"lazy\" decoding=\"async\" width=\"524\" height=\"517\" src=\"https:\/\/saferack.de\/wp-content\/uploads\/sites\/17\/2024\/12\/MAXRack-elevating-safety-cage.jpg\" alt=\"\" class=\"wp-image-434 size-full\" srcset=\"https:\/\/saferack.de\/wp-content\/uploads\/sites\/17\/2024\/12\/MAXRack-elevating-safety-cage.jpg 524w, https:\/\/saferack.de\/wp-content\/uploads\/sites\/17\/2024\/12\/MAXRack-elevating-safety-cage-300x296.jpg 300w\" sizes=\"auto, (max-width: 524px) 100vw, 524px\" \/><\/figure><\/div>\n\n\n\n<div class=\"wp-block-group alignfull has-base-color has-custom-gray-background-color has-text-color has-background has-link-color wp-elements-0253eac0d00d3879c8e8ea85e4196ea4 has-global-padding is-layout-constrained wp-block-group-is-layout-constrained\" style=\"margin-top:0;margin-bottom:0\">\n<div class=\"wp-block-media-text has-media-on-the-right is-stacked-on-mobile is-vertically-aligned-top is-image-fill-element\"><div class=\"wp-block-media-text__content\">\n<h3 class=\"wp-block-heading\">K dispozici jsou dv\u011b mo\u017enosti nap\u00e1jen\u00ed<\/h3>\n\n\n\n<p>Bezpe\u010dnostn\u00ed klec MAXRack lze zvednout nebo spustit jednoduch\u00fdm tla\u010d\u00edtkov\u00fdm ovl\u00e1d\u00e1n\u00edm.<\/p>\n\n\n\n<ul class=\"wp-block-list checks\">\n<li><strong><strong>Pneumatick\u00fd pohon<\/strong><\/strong><\/li>\n\n\n\n<li><strong>Elektrick\u00fd pohon<\/strong><br>(jednof\u00e1zov\u00e9 a t\u0159\u00edf\u00e1zov\u00e9 s voliteln\u00fdmi nev\u00fdbu\u0161n\u00fdmi elektromotory)<\/li>\n<\/ul>\n\n\n\n<p class=\"has-x-small-font-size\"><strong>Ru\u010dn\u00ed nouzov\u00e9 ovl\u00e1d\u00e1n\u00ed<\/strong>\u00a0v p\u0159\u00edpad\u011b v\u00fdpadku proudu nebo vzduchu v syst\u00e9mu pomoc\u00ed ru\u010dn\u00edho kole\u010dka. Horn\u00ed a doln\u00ed koncov\u00e9 sp\u00edna\u010de pro zastaven\u00ed vozu v pracovn\u00ed a skladovac\u00ed poloze.<br><\/p>\n\n\n\n<figure class=\"wp-block-image size-full\"><img loading=\"lazy\" decoding=\"async\" width=\"1015\" height=\"637\" src=\"https:\/\/saferack.de\/wp-content\/uploads\/sites\/17\/2024\/12\/maxrack-multi-hatch-safety-cage.jpg\" alt=\"\" class=\"wp-image-435\" srcset=\"https:\/\/saferack.de\/wp-content\/uploads\/sites\/17\/2024\/12\/maxrack-multi-hatch-safety-cage.jpg 1015w, https:\/\/saferack.de\/wp-content\/uploads\/sites\/17\/2024\/12\/maxrack-multi-hatch-safety-cage-300x188.jpg 300w, https:\/\/saferack.de\/wp-content\/uploads\/sites\/17\/2024\/12\/maxrack-multi-hatch-safety-cage-768x482.jpg 768w\" sizes=\"auto, (max-width: 1015px) 100vw, 1015px\" \/><\/figure>\n<\/div><figure class=\"wp-block-media-text__media\"><img loading=\"lazy\" decoding=\"async\" width=\"1024\" height=\"942\" src=\"https:\/\/saferack.de\/wp-content\/uploads\/sites\/17\/2024\/12\/MaxRack-Elevating-Loading-Safty-Cage-Platform-1024x942.png\" alt=\"\" class=\"wp-image-433 size-full\" style=\"object-position:50% 50%\" srcset=\"https:\/\/saferack.de\/wp-content\/uploads\/sites\/17\/2024\/12\/MaxRack-Elevating-Loading-Safty-Cage-Platform-1024x942.png 1024w, https:\/\/saferack.de\/wp-content\/uploads\/sites\/17\/2024\/12\/MaxRack-Elevating-Loading-Safty-Cage-Platform-300x276.png 300w, https:\/\/saferack.de\/wp-content\/uploads\/sites\/17\/2024\/12\/MaxRack-Elevating-Loading-Safty-Cage-Platform-768x706.png 768w, https:\/\/saferack.de\/wp-content\/uploads\/sites\/17\/2024\/12\/MaxRack-Elevating-Loading-Safty-Cage-Platform.png 1254w\" sizes=\"auto, (max-width: 1024px) 100vw, 1024px\" \/><\/figure><\/div>\n<\/div>","protected":false},"excerpt":{"rendered":"<p>K dispozici jsou dv\u011b mo\u017enosti nap\u00e1jen\u00ed Bezpe\u010dnostn\u00ed klec MAXRack lze zvednout nebo spustit jednoduch\u00fdm tla\u010d\u00edtkov\u00fdm ovl\u00e1d\u00e1n\u00edm. Ru\u010dn\u00ed nouzov\u00e9 ovl\u00e1d\u00e1n\u00ed v p\u0159\u00edpad\u011b ztr\u00e1ty nap\u00e1jen\u00ed nebo vzduchu v syst\u00e9mu pomoc\u00ed ru\u010dn\u00edho ru\u010dn\u00edho kole\u010dka. Horn\u00ed a doln\u00ed koncov\u00e9 sp\u00edna\u010de pro zastaven\u00ed klece v pracovn\u00ed a skladovac\u00ed poloze.<\/p>","protected":false},"author":1,"featured_media":985,"parent":0,"menu_order":0,"comment_status":"closed","ping_status":"closed","template":"","meta":{"footnotes":""},"class_list":["post-224","page","type-page","status-publish","has-post-thumbnail","hentry"],"yoast_head":"<!-- This site is optimized with the Yoast SEO plugin v27.5 - https:\/\/yoast.com\/product\/yoast-seo-wordpress\/ -->\n<title>MaxRack Hubsteigerk\u00e4fig - SafeRack<\/title>\n<meta name=\"robots\" content=\"index, follow, max-snippet:-1, max-image-preview:large, max-video-preview:-1\" \/>\n<link rel=\"canonical\" href=\"https:\/\/saferack.de\/cs\/maxrack-elevating-safety-cage\/\" \/>\n<meta property=\"og:locale\" content=\"cs_CZ\" \/>\n<meta property=\"og:type\" content=\"article\" \/>\n<meta property=\"og:title\" content=\"MaxRack Hubsteigerk\u00e4fig - SafeRack\" \/>\n<meta property=\"og:description\" content=\"Zwei Leistungsoptionen verf\u00fcgbar Der MAXRack-Sicherheitsk\u00e4fig kann mit einer einfachen Druckknopfsteuerung angehoben oder abgesenkt werden. Manuelle Not\u00fcberbr\u00fcckung\u00a0bei Strom- oder Luftverlust in der Anlage \u00fcber ein manuelles Handrad. Obere und untere Endschalter zum Anhalten des Fahrkorbs in der Arbeits- und der Lagerposition\" \/>\n<meta property=\"og:url\" content=\"https:\/\/saferack.de\/cs\/maxrack-elevating-safety-cage\/\" \/>\n<meta property=\"og:site_name\" content=\"SafeRack\" \/>\n<meta property=\"article:modified_time\" content=\"2025-01-17T15:15:22+00:00\" \/>\n<meta property=\"og:image\" content=\"https:\/\/saferack.de\/wp-content\/uploads\/sites\/17\/2024\/12\/maxrack-banner.webp\" \/>\n\t<meta property=\"og:image:width\" content=\"2560\" \/>\n\t<meta property=\"og:image:height\" content=\"610\" \/>\n\t<meta property=\"og:image:type\" content=\"image\/webp\" \/>\n<meta name=\"twitter:card\" content=\"summary_large_image\" \/>\n<meta name=\"twitter:label1\" content=\"Odhadovan\u00e1 doba \u010dten\u00ed\" \/>\n\t<meta name=\"twitter:data1\" content=\"3 minuty\" \/>\n<script type=\"application\/ld+json\" class=\"yoast-schema-graph\">{\"@context\":\"https:\\\/\\\/schema.org\",\"@graph\":[{\"@type\":\"WebPage\",\"@id\":\"https:\\\/\\\/saferack.de\\\/maxrack-elevating-safety-cage\\\/\",\"url\":\"https:\\\/\\\/saferack.de\\\/maxrack-elevating-safety-cage\\\/\",\"name\":\"MaxRack Hubsteigerk\u00e4fig - SafeRack\",\"isPartOf\":{\"@id\":\"https:\\\/\\\/saferack.de\\\/#website\"},\"primaryImageOfPage\":{\"@id\":\"https:\\\/\\\/saferack.de\\\/maxrack-elevating-safety-cage\\\/#primaryimage\"},\"image\":{\"@id\":\"https:\\\/\\\/saferack.de\\\/maxrack-elevating-safety-cage\\\/#primaryimage\"},\"thumbnailUrl\":\"https:\\\/\\\/saferack.de\\\/wp-content\\\/uploads\\\/sites\\\/17\\\/2024\\\/12\\\/maxrack-banner.webp\",\"datePublished\":\"2024-12-06T22:07:43+00:00\",\"dateModified\":\"2025-01-17T15:15:22+00:00\",\"breadcrumb\":{\"@id\":\"https:\\\/\\\/saferack.de\\\/maxrack-elevating-safety-cage\\\/#breadcrumb\"},\"inLanguage\":\"cs\",\"potentialAction\":[{\"@type\":\"ReadAction\",\"target\":[\"https:\\\/\\\/saferack.de\\\/maxrack-elevating-safety-cage\\\/\"]}]},{\"@type\":\"ImageObject\",\"inLanguage\":\"cs\",\"@id\":\"https:\\\/\\\/saferack.de\\\/maxrack-elevating-safety-cage\\\/#primaryimage\",\"url\":\"https:\\\/\\\/saferack.de\\\/wp-content\\\/uploads\\\/sites\\\/17\\\/2024\\\/12\\\/maxrack-banner.webp\",\"contentUrl\":\"https:\\\/\\\/saferack.de\\\/wp-content\\\/uploads\\\/sites\\\/17\\\/2024\\\/12\\\/maxrack-banner.webp\",\"width\":2560,\"height\":610},{\"@type\":\"BreadcrumbList\",\"@id\":\"https:\\\/\\\/saferack.de\\\/maxrack-elevating-safety-cage\\\/#breadcrumb\",\"itemListElement\":[{\"@type\":\"ListItem\",\"position\":1,\"name\":\"Home\",\"item\":\"https:\\\/\\\/saferack.de\\\/\"},{\"@type\":\"ListItem\",\"position\":2,\"name\":\"MaxRack Hubsteigerk\u00e4fig\"}]},{\"@type\":\"WebSite\",\"@id\":\"https:\\\/\\\/saferack.de\\\/#website\",\"url\":\"https:\\\/\\\/saferack.de\\\/\",\"name\":\"SafeRack\",\"description\":\"\",\"publisher\":{\"@id\":\"https:\\\/\\\/saferack.de\\\/#organization\"},\"potentialAction\":[{\"@type\":\"SearchAction\",\"target\":{\"@type\":\"EntryPoint\",\"urlTemplate\":\"https:\\\/\\\/saferack.de\\\/?s={search_term_string}\"},\"query-input\":{\"@type\":\"PropertyValueSpecification\",\"valueRequired\":true,\"valueName\":\"search_term_string\"}}],\"inLanguage\":\"cs\"},{\"@type\":\"Organization\",\"@id\":\"https:\\\/\\\/saferack.de\\\/#organization\",\"name\":\"SafeRack\",\"url\":\"https:\\\/\\\/saferack.de\\\/\",\"logo\":{\"@type\":\"ImageObject\",\"inLanguage\":\"cs\",\"@id\":\"https:\\\/\\\/saferack.de\\\/#\\\/schema\\\/logo\\\/image\\\/\",\"url\":\"https:\\\/\\\/saferack.de\\\/wp-content\\\/uploads\\\/sites\\\/17\\\/2024\\\/12\\\/SafeRack-hex-bug.png\",\"contentUrl\":\"https:\\\/\\\/saferack.de\\\/wp-content\\\/uploads\\\/sites\\\/17\\\/2024\\\/12\\\/SafeRack-hex-bug.png\",\"width\":112,\"height\":134,\"caption\":\"SafeRack\"},\"image\":{\"@id\":\"https:\\\/\\\/saferack.de\\\/#\\\/schema\\\/logo\\\/image\\\/\"}}]}<\/script>\n<!-- \/ Yoast SEO plugin. -->","yoast_head_json":{"title":"MaxRack Hubsteigerk\u00e4fig - SafeRack","robots":{"index":"index","follow":"follow","max-snippet":"max-snippet:-1","max-image-preview":"max-image-preview:large","max-video-preview":"max-video-preview:-1"},"canonical":"https:\/\/saferack.de\/cs\/maxrack-elevating-safety-cage\/","og_locale":"cs_CZ","og_type":"article","og_title":"MaxRack Hubsteigerk\u00e4fig - SafeRack","og_description":"Zwei Leistungsoptionen verf\u00fcgbar Der MAXRack-Sicherheitsk\u00e4fig kann mit einer einfachen Druckknopfsteuerung angehoben oder abgesenkt werden. Manuelle Not\u00fcberbr\u00fcckung\u00a0bei Strom- oder Luftverlust in der Anlage \u00fcber ein manuelles Handrad. Obere und untere Endschalter zum Anhalten des Fahrkorbs in der Arbeits- und der Lagerposition","og_url":"https:\/\/saferack.de\/cs\/maxrack-elevating-safety-cage\/","og_site_name":"SafeRack","article_modified_time":"2025-01-17T15:15:22+00:00","og_image":[{"width":2560,"height":610,"url":"https:\/\/saferack.de\/wp-content\/uploads\/sites\/17\/2024\/12\/maxrack-banner.webp","type":"image\/webp"}],"twitter_card":"summary_large_image","twitter_misc":{"Odhadovan\u00e1 doba \u010dten\u00ed":"3 minuty"},"schema":{"@context":"https:\/\/schema.org","@graph":[{"@type":"WebPage","@id":"https:\/\/saferack.de\/maxrack-elevating-safety-cage\/","url":"https:\/\/saferack.de\/maxrack-elevating-safety-cage\/","name":"MaxRack Hubsteigerk\u00e4fig - SafeRack","isPartOf":{"@id":"https:\/\/saferack.de\/#website"},"primaryImageOfPage":{"@id":"https:\/\/saferack.de\/maxrack-elevating-safety-cage\/#primaryimage"},"image":{"@id":"https:\/\/saferack.de\/maxrack-elevating-safety-cage\/#primaryimage"},"thumbnailUrl":"https:\/\/saferack.de\/wp-content\/uploads\/sites\/17\/2024\/12\/maxrack-banner.webp","datePublished":"2024-12-06T22:07:43+00:00","dateModified":"2025-01-17T15:15:22+00:00","breadcrumb":{"@id":"https:\/\/saferack.de\/maxrack-elevating-safety-cage\/#breadcrumb"},"inLanguage":"cs","potentialAction":[{"@type":"ReadAction","target":["https:\/\/saferack.de\/maxrack-elevating-safety-cage\/"]}]},{"@type":"ImageObject","inLanguage":"cs","@id":"https:\/\/saferack.de\/maxrack-elevating-safety-cage\/#primaryimage","url":"https:\/\/saferack.de\/wp-content\/uploads\/sites\/17\/2024\/12\/maxrack-banner.webp","contentUrl":"https:\/\/saferack.de\/wp-content\/uploads\/sites\/17\/2024\/12\/maxrack-banner.webp","width":2560,"height":610},{"@type":"BreadcrumbList","@id":"https:\/\/saferack.de\/maxrack-elevating-safety-cage\/#breadcrumb","itemListElement":[{"@type":"ListItem","position":1,"name":"Home","item":"https:\/\/saferack.de\/"},{"@type":"ListItem","position":2,"name":"MaxRack Hubsteigerk\u00e4fig"}]},{"@type":"WebSite","@id":"https:\/\/saferack.de\/#website","url":"https:\/\/saferack.de\/","name":"SafeRack","description":"","publisher":{"@id":"https:\/\/saferack.de\/#organization"},"potentialAction":[{"@type":"SearchAction","target":{"@type":"EntryPoint","urlTemplate":"https:\/\/saferack.de\/?s={search_term_string}"},"query-input":{"@type":"PropertyValueSpecification","valueRequired":true,"valueName":"search_term_string"}}],"inLanguage":"cs"},{"@type":"Organization","@id":"https:\/\/saferack.de\/#organization","name":"SafeRack","url":"https:\/\/saferack.de\/","logo":{"@type":"ImageObject","inLanguage":"cs","@id":"https:\/\/saferack.de\/#\/schema\/logo\/image\/","url":"https:\/\/saferack.de\/wp-content\/uploads\/sites\/17\/2024\/12\/SafeRack-hex-bug.png","contentUrl":"https:\/\/saferack.de\/wp-content\/uploads\/sites\/17\/2024\/12\/SafeRack-hex-bug.png","width":112,"height":134,"caption":"SafeRack"},"image":{"@id":"https:\/\/saferack.de\/#\/schema\/logo\/image\/"}}]}},"_links":{"self":[{"href":"https:\/\/saferack.de\/cs\/wp-json\/wp\/v2\/pages\/224","targetHints":{"allow":["GET"]}}],"collection":[{"href":"https:\/\/saferack.de\/cs\/wp-json\/wp\/v2\/pages"}],"about":[{"href":"https:\/\/saferack.de\/cs\/wp-json\/wp\/v2\/types\/page"}],"author":[{"embeddable":true,"href":"https:\/\/saferack.de\/cs\/wp-json\/wp\/v2\/users\/1"}],"replies":[{"embeddable":true,"href":"https:\/\/saferack.de\/cs\/wp-json\/wp\/v2\/comments?post=224"}],"version-history":[{"count":50,"href":"https:\/\/saferack.de\/cs\/wp-json\/wp\/v2\/pages\/224\/revisions"}],"predecessor-version":[{"id":1831,"href":"https:\/\/saferack.de\/cs\/wp-json\/wp\/v2\/pages\/224\/revisions\/1831"}],"wp:featuredmedia":[{"embeddable":true,"href":"https:\/\/saferack.de\/cs\/wp-json\/wp\/v2\/media\/985"}],"wp:attachment":[{"href":"https:\/\/saferack.de\/cs\/wp-json\/wp\/v2\/media?parent=224"}],"curies":[{"name":"wp","href":"https:\/\/api.w.org\/{rel}","templated":true}]}}